{"id":93,"date":"2017-03-05T19:59:47","date_gmt":"2017-03-05T19:59:47","guid":{"rendered":"http:\/\/relaunch.wilhelmsdorf-evangelisch.de\/?page_id=93"},"modified":"2021-07-07T19:57:59","modified_gmt":"2021-07-07T17:57:59","slug":"informationen-zu-trauung","status":"publish","type":"page","link":"https:\/\/wilhelmsdorf-evangelisch.de\/?page_id=93","title":{"rendered":"Informationen zu Trauung"},"content":{"rendered":"\n<div class=\"wp-block-cover has-background-dim\"><img data-recalc-dims=\"1\" decoding=\"async\" width=\"735\" height=\"496\" data-attachment-id=\"1896\" data-permalink=\"https:\/\/wilhelmsdorf-evangelisch.de\/?attachment_id=1896\" data-orig-file=\"https:\/\/i0.wp.com\/wilhelmsdorf-evangelisch.de\/wp-content\/uploads\/2019\/02\/IMG_0135-ba.jpg?fit=2048%2C1383&amp;ssl=1\" data-orig-size=\"2048,1383\" data-comments-opened=\"0\" data-image-meta=\"{&quot;aperture&quot;:&quot;0&quot;,&quot;credit&quot;:&quot;&quot;,&quot;camera&quot;:&quot;&quot;,&quot;caption&quot;:&quot;&quot;,&quot;created_timestamp&quot;:&quot;0&quot;,&quot;copyright&quot;:&quot;&quot;,&quot;focal_length&quot;:&quot;0&quot;,&quot;iso&quot;:&quot;0&quot;,&quot;shutter_speed&quot;:&quot;0&quot;,&quot;title&quot;:&quot;&quot;,&quot;orientation&quot;:&quot;0&quot;}\" data-image-title=\"IMG_0135 ba\" data-image-description=\"&lt;p&gt;Trauung&lt;\/p&gt;\n\" data-image-caption=\"\" data-large-file=\"https:\/\/i0.wp.com\/wilhelmsdorf-evangelisch.de\/wp-content\/uploads\/2019\/02\/IMG_0135-ba.jpg?fit=735%2C497&amp;ssl=1\" class=\"wp-block-cover__image-background wp-image-1896 lazyload\" alt=\"\" data-src=\"https:\/\/i0.wp.com\/wilhelmsdorf-evangelisch.de\/wp-content\/uploads\/2019\/02\/IMG_0135-ba.jpg?resize=735%2C496&#038;ssl=1\" data-object-fit=\"cover\" data-srcset=\"https:\/\/i0.wp.com\/wilhelmsdorf-evangelisch.de\/wp-content\/uploads\/2019\/02\/IMG_0135-ba.jpg?w=2048&amp;ssl=1 2048w, https:\/\/i0.wp.com\/wilhelmsdorf-evangelisch.de\/wp-content\/uploads\/2019\/02\/IMG_0135-ba.jpg?resize=300%2C203&amp;ssl=1 300w, https:\/\/i0.wp.com\/wilhelmsdorf-evangelisch.de\/wp-content\/uploads\/2019\/02\/IMG_0135-ba.jpg?resize=1024%2C692&amp;ssl=1 1024w, https:\/\/i0.wp.com\/wilhelmsdorf-evangelisch.de\/wp-content\/uploads\/2019\/02\/IMG_0135-ba.jpg?resize=768%2C519&amp;ssl=1 768w, https:\/\/i0.wp.com\/wilhelmsdorf-evangelisch.de\/wp-content\/uploads\/2019\/02\/IMG_0135-ba.jpg?resize=1536%2C1037&amp;ssl=1 1536w, https:\/\/i0.wp.com\/wilhelmsdorf-evangelisch.de\/wp-content\/uploads\/2019\/02\/IMG_0135-ba.jpg?w=1470&amp;ssl=1 1470w\" data-sizes=\"(max-width: 735px) 100vw, 735px\" src=\"data:image\/svg+xml;base64,PHN2ZyB3aWR0aD0iMSIgaGVpZ2h0PSIxIiB4bWxucz0iaHR0cDovL3d3dy53My5vcmcvMjAwMC9zdmciPjwvc3ZnPg==\" style=\"--smush-placeholder-width: 735px; --smush-placeholder-aspect-ratio: 735\/496;\" \/><div class=\"wp-block-cover__inner-container is-layout-flow wp-block-cover-is-layout-flow\">\n<p class=\"has-text-align-center has-white-color has-text-color has-large-font-size\">Trauung &#8230;<br><br> &#8230; mit Gott an unserer Seite &#8230;<\/p>\n<\/div><\/div>\n\n\n<p>Sie haben den Partner f\u00fcr\u00b4s Leben gefunden&nbsp; und wollen nun in unserer Kirche &#8222;Ja&#8220; zu einander sagen?<br>\nDann freuen wir uns mit Ihnen und gestalten gerne einen angemessenen, fr\u00f6hlichen Traugottesdienst.<br>\nHier finden Sie schon einige Infomationen<\/p>\n<p>ANMELDUNG UND TRAUGESPR\u00c4CH<br>\nWenden Sie sich rechtzeitig an Pfarrer Seidel um einen Termin f\u00fcr das vorbereitende Traugespr\u00e4ch und den Gottesdienst zu vereinbaren. Im Traugespr\u00e4ch (meist werden wir uns zur Vorbereitung zwei mal treffen) sprechen wir miteinender \u00fcber den Ablauf der Trauung, Ihre W\u00fcnsche und Anregungen.<\/p>\n<p>REGELUNGEN<br>\nIn unserer lutherischen Kirche trauen wir in der Regel&nbsp; Paare, die zuvor am Standesamt die Ehe geschlossen haben. Darum ben\u00f6tigen wir erheblich weniger Unterlagen als das Standesamt. Es ist sinnvoll, vor dem Traugespr\u00e4ch folgende Unterlagen bzw. Informationen einzuholen:<br>\n&#8211; Geburtstermin und Tauftermin der Ehepartner, ggf. Taufspruch<br>\n&#8211; Konfirmationsjahr und Kofirmationsspruch (bei evang. Partnern)<\/p>\n<p><em>&#8222;\u00d6kumenische&#8220; Trauung:<\/em> Wenn ein Partner evangelisch und der andere katholisch ist, m\u00fcssen Sie sich entscheiden, ob Sie sich unter dem Dach der Evangelischen oder R\u00f6m.-Katholischen Kirche trauen lassen wollen. Der jeweilige &#8222;Hausherr&#8220; f\u00fchrt die eigentliche Trauung durch. Es ist nat\u00fcrlich m\u00f6glich, dass ein Pfarrer der anderen Konfession den Gottesdienst mitgestaltet (zB. die Ansprache h\u00e4lt und Gebete spricht).<\/p>\n<p><em>Konfessionslose\/ Ausgetretene\/ Angeh\u00f6rige nichtchristl. Religionen<\/em>: Hier stellt sich die Frage: Welche Bedeutung hat eine kirchliche Trauung f\u00fcr den Nicht-Christen, und ist von da her eine kirchliche Trauung sinnvoll ? Darum ist in diesem Fall ein rechtzeitiges kl\u00e4rendes Gespr\u00e4ch wichtig.<\/p>\n<p><em>Trauung Geschiedener:<\/em> Auch wenn man einst versprochen hat &#8222;&#8230; bis der Tod uns scheidet&#8220;, ist eine erneute kirchliche Trauung unter bestimmten Bedingungen m\u00f6glich. Auch hier empfehlen wir Ihnen, rechtzeitig mit Ihrem Pfarrer zu sprechen.<\/p>\n<p>TRAUGOTTESDIENST<br>\nBei uns auf dem Land wird h\u00e4ufig am Samstagvormittag getraut. Aber die Zahl der Trauungen am Nachmittag wird gr\u00f6\u00dfer.<br>\nWir freuen uns, wenn Sie den Blumenschmuck selbst gestalten und dazu vorher mit unseren Mesnerinnen Kontakt aufnehmen<br>\nIn Fragen des Fotografierens und Videofilmens&nbsp; ist es sinnvoll, wenn man eine Person bittet, das Fotografieren zu \u00fcbernehmen, und entsprechend dann die \u00fcbrigen G\u00e4ste bittet, nicht auch noch mit dem Foto oder dem Handy in der Kirche herumzulaufen.<\/p>\n<p>Einige Anregung zur Gestaltung eines Traugottesdienstes<br>\n&#8211; Die Trauzeugen \u00fcbernehmen eine biblische Lesung&nbsp; oder das F\u00fcrbittengebet.<br>\n&#8211; Haben sie im Bekanntenkreis Menschen, die ein passendes musikalisches St\u00fcck darbieten k\u00f6nnten?<br>\nDer Traugottesdienst ist eine Feier, bei der wir um Gottes Segen f\u00fcr Ihre Ehe bitten. Darum pr\u00fcfen Sie, welche Elemente und Gestaltungsideen mit dem Charakter der Feier \u00fcbereinstimmen. Manche spektakul\u00e4re Idee sollten Sie sich lieber f\u00fcr die anschlie\u00dfende Feier aufheben.<\/p>\n<p>Web-Tipp: Unter <a href=\"https:\/\/trauung.bayern-evangelisch.de\/index.php\" target=\"_blank\" rel=\"noopener\">&#8222;Trauung &#8211; die Feier deiner Liebe&#8220;<\/a> finden Sie eine tolle Microsite unserer bayerischen Landeskirche.<\/p>","protected":false},"excerpt":{"rendered":"<p>Sie haben den Partner f\u00fcr\u00b4s Leben gefunden&nbsp; und wollen nun in unserer Kirche &#8222;Ja&#8220; zu einander sagen? Dann freuen wir uns mit Ihnen und gestalten gerne einen angemessenen, fr\u00f6hlichen Traugottesdienst. &hellip; <\/p>\n","protected":false},"author":1,"featured_media":0,"parent":0,"menu_order":0,"comment_status":"closed","ping_status":"closed","template":"","meta":{"footnotes":""},"class_list":["post-93","page","type-page","status-publish","hentry"],"jetpack_sharing_enabled":true,"jetpack_shortlink":"https:\/\/wp.me\/P8teGU-1v","_links":{"self":[{"href":"https:\/\/wilhelmsdorf-evangelisch.de\/index.php?rest_route=\/wp\/v2\/pages\/93","targetHints":{"allow":["GET"]}}],"collection":[{"href":"https:\/\/wilhelmsdorf-evangelisch.de\/index.php?rest_route=\/wp\/v2\/pages"}],"about":[{"href":"https:\/\/wilhelmsdorf-evangelisch.de\/index.php?rest_route=\/wp\/v2\/types\/page"}],"author":[{"embeddable":true,"href":"https:\/\/wilhelmsdorf-evangelisch.de\/index.php?rest_route=\/wp\/v2\/users\/1"}],"replies":[{"embeddable":true,"href":"https:\/\/wilhelmsdorf-evangelisch.de\/index.php?rest_route=%2Fwp%2Fv2%2Fcomments&post=93"}],"version-history":[{"count":4,"href":"https:\/\/wilhelmsdorf-evangelisch.de\/index.php?rest_route=\/wp\/v2\/pages\/93\/revisions"}],"predecessor-version":[{"id":4371,"href":"https:\/\/wilhelmsdorf-evangelisch.de\/index.php?rest_route=\/wp\/v2\/pages\/93\/revisions\/4371"}],"wp:attachment":[{"href":"https:\/\/wilhelmsdorf-evangelisch.de\/index.php?rest_route=%2Fwp%2Fv2%2Fmedia&parent=93"}],"curies":[{"name":"wp","href":"https:\/\/api.w.org\/{rel}","templated":true}]}}