{"id":91,"date":"2017-03-05T19:58:44","date_gmt":"2017-03-05T19:58:44","guid":{"rendered":"http:\/\/relaunch.wilhelmsdorf-evangelisch.de\/?page_id=91"},"modified":"2021-07-07T19:57:29","modified_gmt":"2021-07-07T17:57:29","slug":"informationen-zur-taufe","status":"publish","type":"page","link":"https:\/\/wilhelmsdorf-evangelisch.de\/?page_id=91","title":{"rendered":"Informationen zur Taufe"},"content":{"rendered":"\n<div class=\"wp-block-cover has-background-dim\"><img data-recalc-dims=\"1\" decoding=\"async\" width=\"735\" height=\"551\" data-attachment-id=\"1893\" data-permalink=\"https:\/\/wilhelmsdorf-evangelisch.de\/?attachment_id=1893\" data-orig-file=\"https:\/\/i0.wp.com\/wilhelmsdorf-evangelisch.de\/wp-content\/uploads\/2019\/02\/20160717_120751_RichtoneHDR.jpg?fit=2048%2C1536&amp;ssl=1\" data-orig-size=\"2048,1536\" data-comments-opened=\"0\" data-image-meta=\"{&quot;aperture&quot;:&quot;0&quot;,&quot;credit&quot;:&quot;&quot;,&quot;camera&quot;:&quot;&quot;,&quot;caption&quot;:&quot;&quot;,&quot;created_timestamp&quot;:&quot;0&quot;,&quot;copyright&quot;:&quot;&quot;,&quot;focal_length&quot;:&quot;0&quot;,&quot;iso&quot;:&quot;0&quot;,&quot;shutter_speed&quot;:&quot;0&quot;,&quot;title&quot;:&quot;&quot;,&quot;orientation&quot;:&quot;0&quot;}\" data-image-title=\"20160717_120751_Richtone(HDR)\" data-image-description=\"&lt;p&gt;Taufe im Kirchgarten Brunn&lt;\/p&gt;\n\" data-image-caption=\"\" data-large-file=\"https:\/\/i0.wp.com\/wilhelmsdorf-evangelisch.de\/wp-content\/uploads\/2019\/02\/20160717_120751_RichtoneHDR.jpg?fit=735%2C551&amp;ssl=1\" class=\"wp-block-cover__image-background wp-image-1893 lazyload\" alt=\"\" data-src=\"https:\/\/i0.wp.com\/wilhelmsdorf-evangelisch.de\/wp-content\/uploads\/2019\/02\/20160717_120751_RichtoneHDR.jpg?resize=735%2C551&#038;ssl=1\" data-object-fit=\"cover\" data-srcset=\"https:\/\/i0.wp.com\/wilhelmsdorf-evangelisch.de\/wp-content\/uploads\/2019\/02\/20160717_120751_RichtoneHDR.jpg?w=2048&amp;ssl=1 2048w, https:\/\/i0.wp.com\/wilhelmsdorf-evangelisch.de\/wp-content\/uploads\/2019\/02\/20160717_120751_RichtoneHDR.jpg?resize=300%2C225&amp;ssl=1 300w, https:\/\/i0.wp.com\/wilhelmsdorf-evangelisch.de\/wp-content\/uploads\/2019\/02\/20160717_120751_RichtoneHDR.jpg?resize=1024%2C768&amp;ssl=1 1024w, https:\/\/i0.wp.com\/wilhelmsdorf-evangelisch.de\/wp-content\/uploads\/2019\/02\/20160717_120751_RichtoneHDR.jpg?resize=768%2C576&amp;ssl=1 768w, https:\/\/i0.wp.com\/wilhelmsdorf-evangelisch.de\/wp-content\/uploads\/2019\/02\/20160717_120751_RichtoneHDR.jpg?resize=1536%2C1152&amp;ssl=1 1536w, https:\/\/i0.wp.com\/wilhelmsdorf-evangelisch.de\/wp-content\/uploads\/2019\/02\/20160717_120751_RichtoneHDR.jpg?w=1470&amp;ssl=1 1470w\" data-sizes=\"(max-width: 735px) 100vw, 735px\" src=\"data:image\/svg+xml;base64,PHN2ZyB3aWR0aD0iMSIgaGVpZ2h0PSIxIiB4bWxucz0iaHR0cDovL3d3dy53My5vcmcvMjAwMC9zdmciPjwvc3ZnPg==\" style=\"--smush-placeholder-width: 735px; --smush-placeholder-aspect-ratio: 735\/551;\" \/><div class=\"wp-block-cover__inner-container is-layout-flow wp-block-cover-is-layout-flow\">\n<p class=\"has-text-align-center has-white-color has-text-color has-large-font-size\">Taufe &#8230;<br><br>&#8230; ein Leben Gott anvertrauen &#8230;<br><\/p>\n<\/div><\/div>\n\n\n<p>Hier finden Sie einige wichtige Informationen zur Taufe in unseren Kirchengemeinden<\/p>\n<p>ANMELDUNG<br>Wenden Sie sich rechtzeitig an Pfarrer Seidel, um einen Termin f\u00fcr das vorbereitende Taufgespr\u00e4ch und die Tauffeier zu vereinbaren. In der Regel finden unsere Taufgottesdienste Sonntags um 11:15 Uhr in Brunn bzw. Wilhelmsdorf statt.<\/p>\n<p>TAUFGESPR\u00c4CH<br>Hier besprechen wir miteinander den Ablauf der Taufe uns schauen auf Ihre W\u00fcnsche und Anregungen. Manchmal ist es auch sinnvoll, wenn die Taufpaten bei diesem Gespr\u00e4ch dabei sind.<\/p>\n<p>TAUFPATEN<br>Die Taufpaten sind die Vertreter der christlichen Gemeinde bei der Taufe. Sie verprechen, die Eltern bei der christlichen Erziehung der Kinder zu begleiten. Darum ist es notwendig, dass sie einer christlichen Kirche angeh\u00f6ren. Kofessionslose oder Ausgetretene k\u00f6nnen das Patenamt nicht \u00fcbernehmen.<\/p>\n<p>TAUFKERZE<br>Eine Taufkerze, die bei der Taufe entz\u00fcndet wird, ist ein sch\u00f6nes Symbol daf\u00fcr, dass Jesus Christus das Licht im Leben Ihres Kindes sein soll. Regelm\u00e4\u00dfig am Tauftag kann Ihr Kind seine Taufkerze zur Erinnerung anz\u00fcnden. Sie k\u00f6nnen sch\u00f6ne Kerzen im Handel erwerben, Sie k\u00f6nnen aber auch Kerzen individuell mit Zierwachs aus dem Bastelgesch\u00e4ft selbst gestalten. Oft sind auch die Paten bereit, f\u00fcr ihr Patenkind eine selbstgemachte Kerze mitzubringen.<\/p>\n<p>GESTALTUNG<br>Eine Taufe ist auch ein Familienfest, darum k\u00f6nnen sie auch \u00fcberlegen, diese Feier mit ihren Angeh\u00f6rigen zu gestalten: Paten oder Gro\u00dfeltern k\u00f6nnen ein Gebet \u00fcbernhemen. Haben Sie im Bekanntenkreis Menschen, die ein passendes musikalisches St\u00fcck darbieten k\u00f6nnten?&nbsp; Wenn viele Kinder mit kommen, kann man ihnen auch eine kleine Kerze geben: Zur Erinnerung, dass auch sie getauft sind. Gerne bringen sie auch die eigene Taufkerze mit.<\/p>\n<p>In unserem Evangelischen Gesangbuch finden Sie die Lieder zur Taufe unter den Nummern 200 bis 212; im bayerischen Teil zus\u00e4tzlich unter den Nummern 574 bis 577. Nat\u00fcrlich k\u00f6nnen Sie auch andere Lieder ausw\u00e4hlen, die Ihnen als Eltern und Paten wichtig sind.<\/p>\n<p>TAUFSPRUCH<br>Der Taufspruch kann eine Zusage Gottes an Ihr Kind sein, oder er dr\u00fcckt die Hoffnung der Eltern aus. In der Regel nimmt man einen biblischen Spruch. Sie finden eine sch\u00f6ne Auswahl unter <a href=\"https:\/\/wilhelmsdorf-evangelisch.de\/%20Anmeldung%20zur%20Taufe%20Wenden%20Sie%20sich%20rechtzeitig%20an%20Ihren%20Pfarrer,%20Ihre%20Pfarrerin%20um%20einen%20Termin%20f%C3%BCr%20das%20vorbereitende%20Taufgespr%C3%A4ch%20und%20die%20Tauffeier%20zu%20vereinbaren.%20%20Taufgespr%C3%A4ch%20In%20diesem%20Gespr%C3%A4ch%20k%C3%B6nnen%20Sie%20mit%20Ihrem%20Pfarrer%20oder%20Ihrer%20Pfarrerin%20%C3%BCber%20Ablauf%20der%20Taufe,%20Ihre%20W%C3%BCnsche%20und%20Anregungen%20sprechen.%20Sicher%20ist%20auch%20Gelegenheit,%20%C3%BCber%20Ihre%20Fragen%20und%20Gedanken%20zur%20Taufe%20zu%20sprechen.%20Manchmal%20ist%20es%20auch%20sinnvoll,%20wenn%20die%20Taufpaten%20bei%20diesem%20Gespr%C3%A4ch%20dabei%20sind.%20%20Taufpaten%20%20Die%20Taufpaten%20sind%20die%20Vertreter%20der%20christlichen%20Gemeinde%20bei%20der%20Taufe.%20Sie%20verprechen,%20die%20Eltern%20bei%20der%20christlichen%20Erziehung%20der%20Kinder%20zu%20begleiten.%20Darum%20ist%20es%20notwendig,%20dass%20sie%20einer%20christlichen%20Kirche%20angeh%C3%B6ren.%20%20Taufkerze%20Eine%20Taufkerze,%20die%20bei%20der%20Taufe%20entz%C3%BCndet%20wird,%20ist%20ein%20sch%C3%B6nes%20Symbol%20daf%C3%BCr,%20dass%20Jesus%20Christus%20das%20Licht%20im%20Leben%20Ihres%20Kindes%20sein%20soll.%20Regelm%C3%A4%C3%9Fig%20am%20Tauftag%20kann%20Ihr%20Kind%20seine%20Taufkerze%20zur%20Erinnerung%20anz%C3%BCnden.%20Fragen%20Sie%20Ihren%20Pfarrer,%20wenn%20SIe%20dieses%20Symbol%20verwenden%20m%C3%B6chten.%20Sie%20k%C3%B6nnen%20sch%C3%B6ne%20Kerzen%20im%20Handel%20erwerben,%20aber%20Sie%20k%C3%B6nnen%20auch%20Kerzen%20individuell%20mit%20Zierwachs%20aus%20dem%20Bastelgesch%C3%A4ft%20selbst%20gestalten.%20Oft%20sind%20auch%20die%20Paten%20bereit,%20f%C3%BCr%20ihr%20Patenkind%20eine%20selbstgemachte%20Kerze%20mitzubringen.%20%20Taufgottesdienst%20Je%20nach%20%C3%B6rtlicher%20Gegebenheit%20findet%20die%20Taufe%20innerhalb%20des%20normalen%20Sonntagsgottesdienstes,%20im%20Anschluss%20daran%20oder%20am%20Samstag%20statt.%20Ihr%20Pfarrer%20gibt%20Ihnen%20gerne%20Auskunft.%20In%20Fragen%20des%20Fotografierens%20und%20Videofilmens%20sollten%20Sie%20schon%20rechtzeitig%20mit%20Ihrem%20Pfarrer%20sprechen%20und%20Ihre%20Verwandten%20entsprechend%20informieren.%20%20Gestaltungsm%C3%B6glichkeiten%20Einige%20Anregung%20zur%20Gestaltung%20eines%20Taufgottesdienstes%20%28Ihr%20Pfarrer%20hat%20sicherlich%20noch%20weitere%20Ideen%20parat%29%20%20%20%20%20%20Die%20Paten%20oder%20Gro%C3%9Feltern%20%C3%BCbernehmen%20eine%20biblische%20Lesung%20%20%20%20%20Die%20Paten%20%C3%BCbernehmen%20ein%20Gebet,%20vielelicht%20formulieren%20sie%20es%20sogar%20selbst%20%20%20%20%20Haben%20Sie%20im%20Bekanntenkreis%20Menschen,%20die%20ein%20passendes%20musikalisches%20St%C3%BCck%20darbieten%20k%C3%B6nnten?%20%20%20%20%20Manche%20Israelreisende%20bringen%20ein%20Fl%C3%A4schen%20mit%20Jordanwasser%20f%C3%BCr%20eine%20Taufe%20mit.%20%28Bitte%20kurz%20vorher%20ordentlich%20abkochen%21%29%20%20%20%20%20Wenn%20viele%20Kinder%20mit%20kommen,%20kann%20man%20ihnen%20auch%20eine%20kleine%20Kerze%20geben:%20Zur%20Erinnerung,%20dass%20auch%20sie%20getauft%20sind.%20Gerne%20bringen%20sie%20auch%20die%20eigene%20Taufkerze%20mit.%20%20Bei%20allen%20M%C3%B6glichkeiten%20zur%20individuellen%20Gestaltung%20sollten%20Sie%20darauf%20achten,%20dass%20der%20Taufgottesdienst%20nicht%20zu%20einer%20%20Familien-Show%20wird,%20und%20die%20eigentliche%20Taufe%20des%20Kindes%20in%20den%20Hintergrund%20gedr%C3%A4ngt%20wird.%20%20Lieder%20zur%20Taufe%20In%20unserem%20Evangelischen%20Gesangbuch%20finden%20Sie%20die%20Lieder%20zur%20Taufe%20unter%20den%20Nummern%20200%20bis%20212;%20im%20bayerischen%20Teil%20%20zus%C3%A4tzlich%20%20unter%20den%20Nummern%20574%20bis%20577.%20Nat%C3%BCrlich%20k%C3%B6nnen%20Sie%20auch%20andere%20Lieder%20ausw%C3%A4hlen,%20die%20Ihnen%20als%20Eltern%20und%20Paten%20wichtig%20sind.%20%20Taufspruch%20Der%20Taufspruch%20kann%20eine%20Zusage%20Gottes%20an%20Ihr%20Kind%20sein,%20oder%20er%20dr%C3%BCckt%20die%20Hoffnung%20der%20Eltern%20aus.%20In%20der%20Regel%20nimmt%20man%20einen%20biblischen%20Spruch.%20www.taufspruch.de\">www.taufspruch.de<\/a><\/p>\n<p>Web-Tipp: Unter <a href=\"https:\/\/taufe.bayern-evangelisch.de\/\" target=\"_blank\" rel=\"noopener\">&#8222;Taufe &#8211; die Feier deines Lebens&#8220;<\/a> finden Sie eine Microsite unserer Landeskirche mit vielen weiteren Informationen.<\/p>","protected":false},"excerpt":{"rendered":"<p>Hier finden Sie einige wichtige Informationen zur Taufe in unseren Kirchengemeinden ANMELDUNGWenden Sie sich rechtzeitig an Pfarrer Seidel, um einen Termin f\u00fcr das vorbereitende Taufgespr\u00e4ch und die Tauffeier zu vereinbaren. &hellip; <\/p>\n","protected":false},"author":1,"featured_media":0,"parent":0,"menu_order":0,"comment_status":"closed","ping_status":"closed","template":"","meta":{"footnotes":""},"class_list":["post-91","page","type-page","status-publish","hentry"],"jetpack_sharing_enabled":true,"jetpack_shortlink":"https:\/\/wp.me\/P8teGU-1t","_links":{"self":[{"href":"https:\/\/wilhelmsdorf-evangelisch.de\/index.php?rest_route=\/wp\/v2\/pages\/91","targetHints":{"allow":["GET"]}}],"collection":[{"href":"https:\/\/wilhelmsdorf-evangelisch.de\/index.php?rest_route=\/wp\/v2\/pages"}],"about":[{"href":"https:\/\/wilhelmsdorf-evangelisch.de\/index.php?rest_route=\/wp\/v2\/types\/page"}],"author":[{"embeddable":true,"href":"https:\/\/wilhelmsdorf-evangelisch.de\/index.php?rest_route=\/wp\/v2\/users\/1"}],"replies":[{"embeddable":true,"href":"https:\/\/wilhelmsdorf-evangelisch.de\/index.php?rest_route=%2Fwp%2Fv2%2Fcomments&post=91"}],"version-history":[{"count":4,"href":"https:\/\/wilhelmsdorf-evangelisch.de\/index.php?rest_route=\/wp\/v2\/pages\/91\/revisions"}],"predecessor-version":[{"id":4370,"href":"https:\/\/wilhelmsdorf-evangelisch.de\/index.php?rest_route=\/wp\/v2\/pages\/91\/revisions\/4370"}],"wp:attachment":[{"href":"https:\/\/wilhelmsdorf-evangelisch.de\/index.php?rest_route=%2Fwp%2Fv2%2Fmedia&parent=91"}],"curies":[{"name":"wp","href":"https:\/\/api.w.org\/{rel}","templated":true}]}}