{"id":76,"date":"2017-03-05T19:52:38","date_gmt":"2017-03-05T19:52:38","guid":{"rendered":"http:\/\/relaunch.wilhelmsdorf-evangelisch.de\/?page_id=76"},"modified":"2019-02-13T18:44:28","modified_gmt":"2019-02-13T17:44:28","slug":"frauenchor-brunn","status":"publish","type":"page","link":"https:\/\/wilhelmsdorf-evangelisch.de\/?page_id=76","title":{"rendered":"Frauenchor Brunn"},"content":{"rendered":"\n<div class=\"wp-block-media-text alignwide has-media-on-the-right\"><figure class=\"wp-block-media-text__media\"><img data-recalc-dims=\"1\" decoding=\"async\" width=\"735\" height=\"490\" data-attachment-id=\"1823\" data-permalink=\"https:\/\/wilhelmsdorf-evangelisch.de\/?attachment_id=1823\" data-orig-file=\"https:\/\/i0.wp.com\/wilhelmsdorf-evangelisch.de\/wp-content\/uploads\/2019\/02\/IMG_0101-T.jpg?fit=2048%2C1365&amp;ssl=1\" data-orig-size=\"2048,1365\" data-comments-opened=\"0\" data-image-meta=\"{&quot;aperture&quot;:&quot;0&quot;,&quot;credit&quot;:&quot;&quot;,&quot;camera&quot;:&quot;&quot;,&quot;caption&quot;:&quot;&quot;,&quot;created_timestamp&quot;:&quot;0&quot;,&quot;copyright&quot;:&quot;&quot;,&quot;focal_length&quot;:&quot;0&quot;,&quot;iso&quot;:&quot;0&quot;,&quot;shutter_speed&quot;:&quot;0&quot;,&quot;title&quot;:&quot;&quot;,&quot;orientation&quot;:&quot;0&quot;}\" data-image-title=\"Frauenchor Brunn Erntedank 2017\" data-image-description=\"\" data-image-caption=\"\" data-large-file=\"https:\/\/i0.wp.com\/wilhelmsdorf-evangelisch.de\/wp-content\/uploads\/2019\/02\/IMG_0101-T.jpg?fit=735%2C490&amp;ssl=1\" data-src=\"https:\/\/i0.wp.com\/wilhelmsdorf-evangelisch.de\/wp-content\/uploads\/2019\/02\/IMG_0101-T.jpg?resize=735%2C490&#038;ssl=1\" alt=\"\" class=\"wp-image-1823 lazyload\" data-srcset=\"https:\/\/i0.wp.com\/wilhelmsdorf-evangelisch.de\/wp-content\/uploads\/2019\/02\/IMG_0101-T.jpg?resize=1024%2C683&amp;ssl=1 1024w, https:\/\/i0.wp.com\/wilhelmsdorf-evangelisch.de\/wp-content\/uploads\/2019\/02\/IMG_0101-T.jpg?resize=300%2C200&amp;ssl=1 300w, https:\/\/i0.wp.com\/wilhelmsdorf-evangelisch.de\/wp-content\/uploads\/2019\/02\/IMG_0101-T.jpg?resize=768%2C512&amp;ssl=1 768w, https:\/\/i0.wp.com\/wilhelmsdorf-evangelisch.de\/wp-content\/uploads\/2019\/02\/IMG_0101-T.jpg?resize=1536%2C1024&amp;ssl=1 1536w, https:\/\/i0.wp.com\/wilhelmsdorf-evangelisch.de\/wp-content\/uploads\/2019\/02\/IMG_0101-T.jpg?w=2048&amp;ssl=1 2048w, https:\/\/i0.wp.com\/wilhelmsdorf-evangelisch.de\/wp-content\/uploads\/2019\/02\/IMG_0101-T.jpg?w=1470&amp;ssl=1 1470w\" data-sizes=\"(max-width: 735px) 100vw, 735px\" src=\"data:image\/svg+xml;base64,PHN2ZyB3aWR0aD0iMSIgaGVpZ2h0PSIxIiB4bWxucz0iaHR0cDovL3d3dy53My5vcmcvMjAwMC9zdmciPjwvc3ZnPg==\" style=\"--smush-placeholder-width: 735px; --smush-placeholder-aspect-ratio: 735\/490;\" \/><\/figure><div class=\"wp-block-media-text__content\">\n<p>\nDer Frauenchor Brunn besteht seit 1979. Bis dahin war es eine feste Tradition, dass die Beerdigungen auf dem Brunner Friedhof von den Schulkindern mit christlichen Trauerliedern musikalisch umrahmt wurden. Nach der Aufl\u00f6sung der kleinen Schulen im l\u00e4ndlichen Raum war das nicht mehr m\u00f6glich. Der Gemeindegesang auf dem Friedhof gestaltete sich aber ohne Instrumentenbegleitung nicht recht befriedigend. So ergriffen die Frauen auf eine Anregung von Hilde Schuh hin die Initiative und gr\u00fcndeten einen Chor, der anfangs nur das Ziel hatte, die Beerdigungen wieder in w\u00fcrdiger Form musikalisch auszugestalten.\n\n<\/p>\n<\/div><\/div>\n\n\n\n<div class=\"wp-block-media-text alignwide\"><figure class=\"wp-block-media-text__media\"><img data-recalc-dims=\"1\" decoding=\"async\" width=\"400\" height=\"300\" data-attachment-id=\"77\" data-permalink=\"https:\/\/wilhelmsdorf-evangelisch.de\/?attachment_id=77\" data-orig-file=\"https:\/\/i0.wp.com\/wilhelmsdorf-evangelisch.de\/wp-content\/uploads\/2017\/03\/frauenchorbrunn_1.jpg?fit=400%2C300&amp;ssl=1\" data-orig-size=\"400,300\" data-comments-opened=\"1\" data-image-meta=\"{&quot;aperture&quot;:&quot;0&quot;,&quot;credit&quot;:&quot;&quot;,&quot;camera&quot;:&quot;&quot;,&quot;caption&quot;:&quot;&quot;,&quot;created_timestamp&quot;:&quot;0&quot;,&quot;copyright&quot;:&quot;&quot;,&quot;focal_length&quot;:&quot;0&quot;,&quot;iso&quot;:&quot;0&quot;,&quot;shutter_speed&quot;:&quot;0&quot;,&quot;title&quot;:&quot;&quot;,&quot;orientation&quot;:&quot;0&quot;}\" data-image-title=\"frauenchorbrunn_1\" data-image-description=\"\" data-image-caption=\"\" data-large-file=\"https:\/\/i0.wp.com\/wilhelmsdorf-evangelisch.de\/wp-content\/uploads\/2017\/03\/frauenchorbrunn_1.jpg?fit=400%2C300&amp;ssl=1\" data-src=\"https:\/\/i0.wp.com\/wilhelmsdorf-evangelisch.de\/wp-content\/uploads\/2017\/03\/frauenchorbrunn_1.jpg?resize=400%2C300&#038;ssl=1\" alt=\"\" class=\"wp-image-77 lazyload\" data-srcset=\"https:\/\/i0.wp.com\/wilhelmsdorf-evangelisch.de\/wp-content\/uploads\/2017\/03\/frauenchorbrunn_1.jpg?w=400&amp;ssl=1 400w, https:\/\/i0.wp.com\/wilhelmsdorf-evangelisch.de\/wp-content\/uploads\/2017\/03\/frauenchorbrunn_1.jpg?resize=300%2C225&amp;ssl=1 300w\" data-sizes=\"(max-width: 400px) 100vw, 400px\" src=\"data:image\/svg+xml;base64,PHN2ZyB3aWR0aD0iMSIgaGVpZ2h0PSIxIiB4bWxucz0iaHR0cDovL3d3dy53My5vcmcvMjAwMC9zdmciPjwvc3ZnPg==\" style=\"--smush-placeholder-width: 400px; --smush-placeholder-aspect-ratio: 400\/300;\" \/><\/figure><div class=\"wp-block-media-text__content\">\n<p>\nDas ist bis heute ein wichtiger Teil unserer Chorarbeit. Wir singen &#8211; so erw\u00fcnscht &#8211; auf jeder Bestattungsfeier unserer Gemeinde und haben ein umfangreiches Repertoire an entsprechenden Liedern, aus dem die Angeh\u00f6rigen im Trauerfall mit dem oder der Geistlichen zusammen das Passende ausw\u00e4hlen k\u00f6nnen. Wir wollen den Trauernden zeigen, dass wir mit ihnen f\u00fchlen und mit tr\u00f6stlichen Gedanken bei Ihnen sind; gleichzeitig bekunden wir unsere Verbundenheit mit den Verstorbenen, die ja unsere Nachbarn und Freunde waren und denen wir einen letzten Liedgru\u00df mitgeben.\n\n<\/p>\n<\/div><\/div>\n\n\n\n<div class=\"wp-block-media-text alignwide has-media-on-the-right\"><figure class=\"wp-block-media-text__media\"><img data-recalc-dims=\"1\" decoding=\"async\" width=\"400\" height=\"245\" data-attachment-id=\"78\" data-permalink=\"https:\/\/wilhelmsdorf-evangelisch.de\/?attachment_id=78\" data-orig-file=\"https:\/\/i0.wp.com\/wilhelmsdorf-evangelisch.de\/wp-content\/uploads\/2017\/03\/frauenchorbrunn_2.jpg?fit=400%2C245&amp;ssl=1\" data-orig-size=\"400,245\" data-comments-opened=\"1\" data-image-meta=\"{&quot;aperture&quot;:&quot;0&quot;,&quot;credit&quot;:&quot;&quot;,&quot;camera&quot;:&quot;&quot;,&quot;caption&quot;:&quot;&quot;,&quot;created_timestamp&quot;:&quot;0&quot;,&quot;copyright&quot;:&quot;&quot;,&quot;focal_length&quot;:&quot;0&quot;,&quot;iso&quot;:&quot;0&quot;,&quot;shutter_speed&quot;:&quot;0&quot;,&quot;title&quot;:&quot;&quot;,&quot;orientation&quot;:&quot;0&quot;}\" data-image-title=\"frauenchorbrunn_2\" data-image-description=\"\" data-image-caption=\"\" data-large-file=\"https:\/\/i0.wp.com\/wilhelmsdorf-evangelisch.de\/wp-content\/uploads\/2017\/03\/frauenchorbrunn_2.jpg?fit=400%2C245&amp;ssl=1\" data-src=\"https:\/\/i0.wp.com\/wilhelmsdorf-evangelisch.de\/wp-content\/uploads\/2017\/03\/frauenchorbrunn_2.jpg?resize=400%2C245&#038;ssl=1\" alt=\"\" class=\"wp-image-78 lazyload\" data-srcset=\"https:\/\/i0.wp.com\/wilhelmsdorf-evangelisch.de\/wp-content\/uploads\/2017\/03\/frauenchorbrunn_2.jpg?w=400&amp;ssl=1 400w, https:\/\/i0.wp.com\/wilhelmsdorf-evangelisch.de\/wp-content\/uploads\/2017\/03\/frauenchorbrunn_2.jpg?resize=300%2C184&amp;ssl=1 300w\" data-sizes=\"(max-width: 400px) 100vw, 400px\" src=\"data:image\/svg+xml;base64,PHN2ZyB3aWR0aD0iMSIgaGVpZ2h0PSIxIiB4bWxucz0iaHR0cDovL3d3dy53My5vcmcvMjAwMC9zdmciPjwvc3ZnPg==\" style=\"--smush-placeholder-width: 400px; --smush-placeholder-aspect-ratio: 400\/245;\" \/><\/figure><div class=\"wp-block-media-text__content\">\n<p>\nNeben den Beerdigungen singen wir aber auch bei anderen Gelegenheiten &#8211; das hat sich nach und nach so ergeben:<br>Ein wichtiger Fixpunkt im Jahr ist f\u00fcr uns der Weltgebetstag der Frauen Anfang M\u00e4rz, der immer von einem andern Land gestaltet wird. Wir bereiten ihn gemeinsam vor und \u00fcben die Lieder ein, nehmen am Vorbereitungstreffen in Neustadt teil, diskutieren \u00fcber Inhalte, Ausgestaltung, Dekoration und Kochrezepte. Die brauchen wir n\u00e4mlich, weil im Anschluss an den Gottesdienst ein gemeinsames Essen mit landestypischen Gerichten stattfindet.<br>Au\u00dferdem tragen wir bei bestimmten Festgottesdiensten, z. B. an Weihnachten, Ostern, Erntedankfest, Konfirmation, Jubelkonfirmation und beim Gottesdienst in Hohholz zur musikalischen Ausgestaltung bei. Wir haben aber auch schon in Altersheimen gesungen, beteiligen uns an der j\u00e4hrlichen Seniorenadventsfeier der Kirchengemeinde und veranstalten ab und zu einen \u201emusikalischen Kaffeeklatsch\u201c &#8211; denn im Kuchenbacken sind wir auch Spitze!\n\n<\/p>\n<\/div><\/div>\n\n\n\n<div class=\"wp-block-media-text alignwide\"><figure class=\"wp-block-media-text__media\"><img data-recalc-dims=\"1\" decoding=\"async\" width=\"683\" height=\"1024\" data-attachment-id=\"1820\" data-permalink=\"https:\/\/wilhelmsdorf-evangelisch.de\/?attachment_id=1820\" data-orig-file=\"https:\/\/i0.wp.com\/wilhelmsdorf-evangelisch.de\/wp-content\/uploads\/2019\/02\/IMG_0234.jpg?fit=1365%2C2048&amp;ssl=1\" data-orig-size=\"1365,2048\" data-comments-opened=\"0\" data-image-meta=\"{&quot;aperture&quot;:&quot;0&quot;,&quot;credit&quot;:&quot;&quot;,&quot;camera&quot;:&quot;&quot;,&quot;caption&quot;:&quot;&quot;,&quot;created_timestamp&quot;:&quot;0&quot;,&quot;copyright&quot;:&quot;&quot;,&quot;focal_length&quot;:&quot;0&quot;,&quot;iso&quot;:&quot;0&quot;,&quot;shutter_speed&quot;:&quot;0&quot;,&quot;title&quot;:&quot;&quot;,&quot;orientation&quot;:&quot;0&quot;}\" data-image-title=\"Frauenchor Brunn 2016\" data-image-description=\"\" data-image-caption=\"\" data-large-file=\"https:\/\/i0.wp.com\/wilhelmsdorf-evangelisch.de\/wp-content\/uploads\/2019\/02\/IMG_0234.jpg?fit=683%2C1024&amp;ssl=1\" data-src=\"https:\/\/i0.wp.com\/wilhelmsdorf-evangelisch.de\/wp-content\/uploads\/2019\/02\/IMG_0234.jpg?resize=683%2C1024&#038;ssl=1\" alt=\"\" class=\"wp-image-1820 lazyload\" data-srcset=\"https:\/\/i0.wp.com\/wilhelmsdorf-evangelisch.de\/wp-content\/uploads\/2019\/02\/IMG_0234.jpg?resize=683%2C1024&amp;ssl=1 683w, https:\/\/i0.wp.com\/wilhelmsdorf-evangelisch.de\/wp-content\/uploads\/2019\/02\/IMG_0234.jpg?resize=200%2C300&amp;ssl=1 200w, https:\/\/i0.wp.com\/wilhelmsdorf-evangelisch.de\/wp-content\/uploads\/2019\/02\/IMG_0234.jpg?resize=768%2C1152&amp;ssl=1 768w, https:\/\/i0.wp.com\/wilhelmsdorf-evangelisch.de\/wp-content\/uploads\/2019\/02\/IMG_0234.jpg?resize=1024%2C1536&amp;ssl=1 1024w, https:\/\/i0.wp.com\/wilhelmsdorf-evangelisch.de\/wp-content\/uploads\/2019\/02\/IMG_0234.jpg?w=1365&amp;ssl=1 1365w\" data-sizes=\"(max-width: 683px) 100vw, 683px\" src=\"data:image\/svg+xml;base64,PHN2ZyB3aWR0aD0iMSIgaGVpZ2h0PSIxIiB4bWxucz0iaHR0cDovL3d3dy53My5vcmcvMjAwMC9zdmciPjwvc3ZnPg==\" style=\"--smush-placeholder-width: 683px; --smush-placeholder-aspect-ratio: 683\/1024;\" \/><\/figure><div class=\"wp-block-media-text__content\">\n<p>Das Gemeinschaftsleben kommt nicht zu kurz: neben einem regen Austausch von Neuigkeiten bei den Chorproben (manchmal zum Leidwesen der Chorleiterin) unternehmen wir ab und zu Fahrten ins Theater, gehen gemeinsam Essen oder veranstalten ein Grillfest im Pfarrgarten, auch unsere Adventsfeier ist lange und sch\u00f6ne Tradition.<\/p>\n\n\n\n<p>Wer Lust hat, bei uns mitzusingen, ist herzlich eingeladen, mal in eine Probe \u201ereinzuschnuppern\u201c.<br>Wir treffen uns 14-t\u00e4gig dienstags im Gemeindesaal und freuen uns \u00fcber jede Frau, gleich welchen Alters, die gerne singt.<\/p>\n<\/div><\/div>\n","protected":false},"excerpt":{"rendered":"<p>Der Frauenchor Brunn besteht seit 1979. Bis dahin war es eine feste Tradition, dass die Beerdigungen auf dem Brunner Friedhof von den Schulkindern mit christlichen Trauerliedern musikalisch umrahmt wurden. Nach &hellip; <\/p>\n","protected":false},"author":1,"featured_media":0,"parent":0,"menu_order":0,"comment_status":"closed","ping_status":"closed","template":"","meta":{"footnotes":""},"class_list":["post-76","page","type-page","status-publish","hentry"],"jetpack_sharing_enabled":true,"jetpack_shortlink":"https:\/\/wp.me\/P8teGU-1e","_links":{"self":[{"href":"https:\/\/wilhelmsdorf-evangelisch.de\/index.php?rest_route=\/wp\/v2\/pages\/76","targetHints":{"allow":["GET"]}}],"collection":[{"href":"https:\/\/wilhelmsdorf-evangelisch.de\/index.php?rest_route=\/wp\/v2\/pages"}],"about":[{"href":"https:\/\/wilhelmsdorf-evangelisch.de\/index.php?rest_route=\/wp\/v2\/types\/page"}],"author":[{"embeddable":true,"href":"https:\/\/wilhelmsdorf-evangelisch.de\/index.php?rest_route=\/wp\/v2\/users\/1"}],"replies":[{"embeddable":true,"href":"https:\/\/wilhelmsdorf-evangelisch.de\/index.php?rest_route=%2Fwp%2Fv2%2Fcomments&post=76"}],"version-history":[{"count":4,"href":"https:\/\/wilhelmsdorf-evangelisch.de\/index.php?rest_route=\/wp\/v2\/pages\/76\/revisions"}],"predecessor-version":[{"id":1827,"href":"https:\/\/wilhelmsdorf-evangelisch.de\/index.php?rest_route=\/wp\/v2\/pages\/76\/revisions\/1827"}],"wp:attachment":[{"href":"https:\/\/wilhelmsdorf-evangelisch.de\/index.php?rest_route=%2Fwp%2Fv2%2Fmedia&parent=76"}],"curies":[{"name":"wp","href":"https:\/\/api.w.org\/{rel}","templated":true}]}}