{"id":6639,"date":"2025-05-13T11:19:44","date_gmt":"2025-05-13T09:19:44","guid":{"rendered":"https:\/\/wilhelmsdorf-evangelisch.de\/?page_id=6639"},"modified":"2025-05-13T11:19:46","modified_gmt":"2025-05-13T09:19:46","slug":"informationen-zum-datenschutz-in-unserer-kita","status":"publish","type":"page","link":"https:\/\/wilhelmsdorf-evangelisch.de\/?page_id=6639","title":{"rendered":"Informationen zum Datenschutz in unserer KiTa"},"content":{"rendered":"\n<p><strong><em>Informationen nach \u00a7\u00a7 17 und 18 Kirchengesetz \u00fcber den Daten-schutz der Evangelischen Kirche in Deutschland (DSG-EKD)<\/em><\/strong><\/p>\n\n\n\n<p>Liebe Eltern, liebe Sorgeberechtigte,<br>hiermit informieren wir Sie gem. \u00a7\u00a7 17 und 18 DSG-EKD \u00fcber die Verarbeitung Ihrer personenbezogenen Daten und der Ihrer Kinder, die wir vornehmen, wenn Ihr Kind unsere Kindertageseinrichtung besucht.<\/p>\n\n\n\n<ol class=\"wp-block-list\">\n<li>Wer ist verantwortlich und an wen kann ich mich wenden?<br>Verantwortliche Stelle f\u00fcr die Datenverarbeitung ist:<br>Evang. Gemeindediakonieverein Wilhelmsdorf e. V.<br>Pfarrer Alexander Seidel<br>Martin-Luther-Stra\u00dfe 6, 91489 Wilhelmsdorf<br>Pfarramt Wilhelmsdorf 09104\/699<br>pfarramt.wilhelmsdorf@elkb.de<\/li>\n<\/ol>\n\n\n\n<p>Bei Fragen, Beschwerden oder Anregungen in Bezug auf die Datenverarbeitung stehen Ihnen der Tr\u00e4ger und die Leitung in Kooperation mit dem<em>der \u00f6rtlichen Datenschutzbeauftragten (des Tr\u00e4gers) zur Verf\u00fcgung<\/em>: <br>Evang. Gemeindediakonieverein Wilhelmsdorf e. V.<\/p>\n\n\n\n<ol start=\"2\" class=\"wp-block-list\">\n<li>Welche Quellen und Daten nutzen wir?<br>Wir verarbeiten personenbezogene Daten, die wir direkt von Ihnen erhalten, z.B. mit dem Betreuungsver-trag und in der Kommunikation mit Ihnen pers\u00f6nlich, telefonisch, per E-Mail oder Kita-App. Wir verarbei-ten auch personenbezogene Daten, die Ihr Kind uns mitteilt und die wir in der Kita generieren.<br>Dabei handelt es sich in erster Linie um Kontaktdaten und um Daten, die f\u00fcr die Kita-Verwaltung und f\u00fcr die p\u00e4dagogische Arbeit erforderlich sind. Dazu k\u00f6nnen auch sensible Daten geh\u00f6ren, z.B. Angaben zur Herkunft, zu religi\u00f6sen \u00dcberzeugungen, zur Gesundheit und zum Entwicklungsstand Ihres Kindes. Sie k\u00f6nnen dem Betreuungsvertrag und weiteren Formularen, die Sie von uns erhalten, entnehmen, welche Daten wir direkt bei Ihnen erheben. In der Kita generieren wir auch Foto-, Film- und Tonaufnahmen.<br>Ggf. verarbeiten wir auch personenbezogene Daten, die wir von Dritten (z.B. Jugendamt, Fr\u00fchf\u00f6rderung, \u00c4rzte, Therapeuten, Schulen, andere Kindertageseinrichtungen) erhalten. Dar\u00fcber sollten Sie von diesen Dritten informiert werden.<\/li>\n\n\n\n<li>Besteht eine Pflicht zur Bereitstellung von Daten?<br>Daten, die wir mit dem Betreuungsvertrag und seinen Anlagen erheben und die dort nicht als freiwillig gekennzeichnet sind, sind f\u00fcr die Begr\u00fcndung, Durchf\u00fchrung und Beendigung des Betreuungsverh\u00e4ltnis-ses bzw. zur Durchf\u00fchrung unseres gesetzlichen Bildungs-, Erziehungs- und Betreuungsauftrags erforder-lich.<br>Ohne diese Daten werden wir in der Regel den Abschluss des Betreuungsvertrags ablehnen m\u00fcssen oder einen bestehenden Vertrag nicht mehr durchf\u00fchren k\u00f6nnen und ggf. beenden m\u00fcssen.<br>Wenn wir Daten auf andere Art und Weise erheben, teilen wir Ihnen bei der Erhebung mit, ob die Angabe der Daten freiwillig oder erforderlich ist.<br>Wir bitten Sie in einigen F\u00e4llen (z.B. bei Foto-, Film- und Tonaufnahmen) um Ihre Einwilligung zur Verarbei-tung von personenbezogenen Daten. Diese Daten sind f\u00fcr die Begr\u00fcndung, Durchf\u00fchrung und Beendi-gung des Betreuungsverh\u00e4ltnisses und zur Durchf\u00fchrung unseres gesetzlichen Auftrags nicht zwingend erforderlich. In den meisten F\u00e4llen k\u00f6nnen wir unseren Auftrag aber besser erf\u00fcllen und umfassender f\u00fcr Ihr Kind da sein, wenn Sie uns Ihre Einwilligung erteilen.<br>In manchen F\u00e4llen geht es bei Einwilligungen um die Verwendung von Daten f\u00fcr unsere \u00d6ffentlichkeitsar-beit oder \u00e4hnliche Interessen unserer Kita bzw. des Tr\u00e4gers und um die Weitergabe an Dritte (z.B. Presse, Fortbildungseinrichtungen). Die Verwendung von Daten Ihres Kindes f\u00fcr diese F\u00e4lle ist hilfreich f\u00fcr unsere Einrichtung, aber f\u00fcr Bildung, Erziehung und Betreuung Ihres Kindes nicht erforderlich. Wir verwenden Daten Ihres Kindes nicht f\u00fcr solche Zwecke, wenn Sie uns keine Einwilligung dazu erteilen.<br>Sie k\u00f6nnen bei Einwilligungen immer frei entscheiden, ob Sie uns die Einwilligung erteilen. Sie k\u00f6nnen eine erteilte Einwilligung jederzeit widerrufen. Bitte beachten Sie, dass der Widerruf erst f\u00fcr die Zukunft wirkt. Verarbeitungen, die vor dem Widerruf erfolgt sind, sind davon nicht betroffen. Die Erteilung und der Widerruf einer Einwilligung haben keinen Einfluss auf die Erf\u00fcllung des Betreuungsvertrags.<\/li>\n\n\n\n<li>Zu welchen Zwecken und auf welchen Rechtsgrundlagen verarbeiten wir Ihre Daten?<br>Rechtsgrundlagen zur Verarbeitung Ihrer Daten sind insbesondere der Betreuungsvertrag, Vorgaben des Bayerischen Kinderbildungs- und Betreuungsgesetzes (BayKiBiG), der Sozialgesetzb\u00fccher und der Da-tenschutzgesetze.<br>Beim Datenschutzgesetz der EKD tritt mit Wirkung vom 1. Mai 2025 eine neue Fassung in Kraft. Rechts-grundlagen, die im Folgenden genannt werden, beziehen sich auf die Neufassung. Wenn Sie Fragen zu Rechtsgrundlagen vor dem 1. Mai 2025 haben, wenden Sie sich bitte an unsere<em>n \u00f6rtlich Beauftragte<\/em>n f\u00fcr Datenschutz.<\/li>\n<\/ol>\n\n\n\n<p>a) F\u00fcr die Voranmeldung und Platzvergabe<br>Wenn Sie Ihr Kind f\u00fcr einen Kita-Platz voranmelden, verarbeiten wir die Daten, die uns mit der Voranmel-dung mitgeteilt werden, zur Durchf\u00fchrung vorvertraglicher Ma\u00dfnahmen gem\u00e4\u00df \u00a7 6 Nr. 5 DSG-EKD und zur Erf\u00fcllung von Aufgaben aus dem BayKiBiG gem\u00e4\u00df Art. 30 BayKiBiG. Besonders sensible Daten, z.B. Gesundheitsdaten, verarbeiten wir gem\u00e4\u00df \u00a7 13 Nr. 4 DSG-EKD. Soweit wir anderen gesetzlichen Ver-pflichtungen unterliegen (z.B. Infektionsschutzgesetz) verarbeiten wir Daten gem\u00e4\u00df \u00a7 6 Nr. 1 DSG-EKD.<\/p>\n\n\n\n<p>b) F\u00fcr Bildung, Erziehung und Betreuung sowie zur Erf\u00fcllung des Betreuungsvertrags<br>Wenn Sie einen Betreuungsvertrag mit uns abschlie\u00dfen, verarbeiten wir personenbezogene Daten auf-grund von \u00a7 6 Nr. 5 DSG-EKD i.V.m. dem Betreuungsvertrag und zur Erf\u00fcllung unseres gesetzlichen Auf-trags zu Bildung, Erziehung und Betreuung gem\u00e4\u00df \u00a7 6 Nr. 3 DSG-EKD i.V.m. Art. 30 BayKiBiG. Beson-ders sensible Daten, z.B. Gesundheitsdaten, verarbeiten wir gem\u00e4\u00df \u00a7 13 Nr. 4 DSG-EKD. Soweit wir an-deren gesetzlichen Verpflichtungen unterliegen (z.B. Infektionsschutzgesetz, Steuergesetze) verarbeiten wir Daten gem\u00e4\u00df \u00a7 6 Nr. 1 DSG-EKD. Dies gilt insbesondere f\u00fcr folgende T\u00e4tigkeiten:<br>&#8211; P\u00e4dagogische Arbeit mit Ihrem Kind einschlie\u00dflich Medienbildung und -erziehung gem\u00e4\u00df BayKiBiG, Ausf\u00fchrungsverordnung zum BayKiBiG und Konzeption unserer Einrichtung;<br>&#8211;  Dokumentation der p\u00e4dagogischen Arbeit und der Entwicklung Ihres Kindes gem\u00e4\u00df den Vor-schriften zur F\u00f6rderung von Kitas im BayKiBiG und in der Ausf\u00fchrungsverordnung zum BayKiBiG, dazu geh\u00f6rt ggf. auch die Erstellung und F\u00fchrung eines Portfolios mit Ihrem Kind f\u00fcr Ihr Kind<br>&#8211;  Kita-Verwaltung einschlie\u00dflich Betriebskostenf\u00f6rderung und Einzug von Kita-Beitr\u00e4gen<br>&#8211;  Kommunikation und Erziehungspartnerschaft mit Ihnen gem\u00e4\u00df Art. 11 BayKiBiG<\/p>\n\n\n\n<p>Soweit erforderlich, verarbeiten wir Ihre Daten dar\u00fcber hinaus zur Wahrung berechtigter Interessen gem\u00e4\u00df \u00a7 6 Nr. 4 DSG-EKD. Beispiele:<br>&#8211;  Kommunikation und Erziehungspartnerschaft mit anderen Eltern in der Kita<br>&#8211;  Geltendmachung rechtlicher Anspr\u00fcche und Verteidigung bei rechtlichen Streitigkeiten<br>&#8211;  Gew\u00e4hrleistung der IT-Sicherheit und des IT-Betriebs<br>&#8211;  Ma\u00dfnahmen zur Sicherstellung des Hausrechts<br>Soweit Sie uns eine Einwilligung zur Verarbeitung von personenbezogenen Daten f\u00fcr bestimmte Zwecke erteilt haben, ist die Rechtm\u00e4\u00dfigkeit dieser Verarbeitung auf Basis Ihrer Einwilligung gem\u00e4\u00df \u00a7 6 Nr. 2 DSG-EKD i.V.m. Art. 30 BayKiBiG gegeben. Das gilt z.B. f\u00fcr die Verwendung von Fotos, auf denen ihr Kind mit anderen Kindern abgebildet ist, im Portfolio eines anderen Kindes,<\/p>\n\n\n\n<p>c) F\u00fcr unsere \u00d6ffentlichkeitsarbeit<br>Nur wenn Sie uns f\u00fcr die Verwendung von Foto-, Film- und Tonaufnahmen in gedruckten Publikationen und\/ oder auf Websites Ihre Einwilligung erteilen, nutzen wir Aufnahmen, auf denen Ihr Kind zu sehen oder zu h\u00f6ren ist, f\u00fcr die \u00d6ffentlichkeitsarbeit unserer Einrichtung und unseres Tr\u00e4gers. Rechtsgrundlage ist Ihre Einwilligung gem\u00e4\u00df \u00a7 6 Nr. 2 DSG-EKD.<\/p>\n\n\n\n<p>d) Zur \u00dcbermittlung an Dritte, die uns unterst\u00fctzen<br>Nur wenn Sie uns daf\u00fcr Ihre Einwilligung erteilen, \u00fcbermitteln wir Foto-, Film- und Tonaufnahmen an Dritte, die mit uns zusammenarbeiten und Aufnahmen ver\u00f6ffentlichen, insbesondere:<br>&#8211;  Kirchengemeinden und andere kirchliche und diakonische Stellen<br>&#8211;  kommunale Stellen<br>&#8211;  Einrichtungen und Organisationen, die wir bei Ausfl\u00fcgen mit Kindern besuchen<br>(z.B. Altenheim, Feuerwehr, Vereine)<br>&#8211;  \u00d6rtliche Presse, Rundfunk und Fernsehanstalten<br>Rechtsgrundlage f\u00fcr die \u00dcbermittlung ist Ihre Einwilligung gem\u00e4\u00df \u00a7 6 Nr. 2 DSG-EKD.<\/p>\n\n\n\n<p>e) Aufbewahrung und Darstellung von Foto-, Film- und Tonaufnahmen<br>mit zeitgeschichtlicher Relevanz f\u00fcr unsere Kita bzw. f\u00fcr unseren Ort<br>Wir l\u00f6schen die meisten Foto-, Film- und Tonaufnahmen Ihres Kindes, wenn Ihr Kind unsere Einrichtung verl\u00e4sst. Wir bewahren aber aus jedem Jahr wenige Aufnahmen auf, z.B. Gruppenbilder, die zusammen mit Aufnahmen aus anderen Jahren Eindr\u00fccke aus der Geschichte unserer Einrichtung wiedergeben. Ggf. h\u00e4ngen wir Gruppenbilder aus zur\u00fcckliegenden Jahren in der Einrichtung aus oder zeigen Bilder bei Jubi-l\u00e4umsveranstaltungen. Rechtsgrundlagen daf\u00fcr sind die Wahrung berechtigter Interessen gem\u00e4\u00df \u00a7 6 Nr. 4 DSG-EKD i.V.m. \u00a7 23 Abs. 1 Nr. 1 Kunsturhebergesetz.<br>Wenn Sie nicht m\u00f6chten, dass wir Aufnahmen Ihres Kindes aufbewahren, teilen Sie dies bitte der Leitung mit. Wir beachten dann Ihren Widerspruch und bewahren keine Aufnahmen auf, auf denen Ihr Kind zu sehen oder zu h\u00f6ren ist.<\/p>\n\n\n\n<ol start=\"5\" class=\"wp-block-list\">\n<li>Wer bekommt Ihre Daten?<br>Innerhalb der kirchlichen Stelle bzw. des diakonischen Tr\u00e4gers erhalten diejenigen Mitarbeitenden Ihre Daten, die diese zur Erf\u00fcllung der oben genannten Zwecke brauchen. Auch von uns eingesetzte Auf-tragsverarbeiter (\u00a7 30 DSG-EKD) k\u00f6nnen zu diesen genannten Zwecken Daten erhalten. Das sind bei-spielsweise Unternehmen f\u00fcr Aktenvernichtung, Abrechnungs- oder IT-Dienstleistungen. Auf Anfrage in-formieren wir Sie gerne dar\u00fcber, mit welchen Unternehmen wir zusammenarbeiten.<br>Foto-, Film- und Tonaufnahmen, die mit Ihrer Einwilligung, zur Erf\u00fcllung unserer Aufgaben oder zur Wah-rung berechtigter Interessen in der Kita ausgeh\u00e4ngt bzw. abgespielt werden, k\u00f6nnen in der Kita von ande-ren Kindern, deren Eltern oder sonstigen Personen mit Zutritt zur Kita wahrgenommen werden.<br>Im Hinblick auf die Datenweitergabe an sonstige Empf\u00e4nger au\u00dferhalb der Einrichtung bzw. der Tr\u00e4ger-organisation ist zu beachten, dass wir Ihre Daten nur weitergeben, wenn gesetzliche Bestimmungen dies gestatten, Sie eingewilligt haben oder wir zur Erteilung einer Auskunft befugt bzw. verpflichtet sind. Unter diesen Voraussetzungen k\u00f6nnen z.B. \u00f6ffentliche Stellen und Institutionen wie das \u00f6rtlich zust\u00e4ndige Ju-gendamt Empf\u00e4nger personenbezogener Daten sein.<br>Weitere Datenempf\u00e4nger k\u00f6nnen diejenigen Stellen sein, f\u00fcr die Sie uns ausdr\u00fccklich Ihre Einwilligung zur Daten\u00fcbermittlung erteilt haben.<\/li>\n\n\n\n<li>Wie lange werden die Daten gespeichert?<br>Soweit erforderlich, verarbeiten und speichern wir Ihre personenbezogenen Daten f\u00fcr die Dauer unserer Vertragsbeziehung, was beispielsweise auch die Anbahnung und die Abwicklung eines Vertrags umfasst sowie die Erf\u00fcllung der vertraglichen Zwecke. Soweit wir Ihre Daten nicht zur Erf\u00fcllung des Vertrags, son-dern aufgrund Ihrer Einwilligung oder aufgrund anderer Rechtsgrundlagen verarbeiten, speichern wir Ihre Daten grunds\u00e4tzlich solange dies f\u00fcr den Zweck der Datenverarbeitung erforderlich ist.<br>Wir unterliegen verschiedenen Aufbewahrungs- und Dokumentationspflichten, die sich beispielsweise aus dem Handelsgesetzbuch (HGB), aus der Kirchlichen Haushaltsordnung (KHO) und aus Steuergesetzen wie der Abgabenordnung (AO) ergeben.<br>F\u00f6rderrelevante Unterlagen m\u00fcssen f\u00fcnf Jahre bzw. bei F\u00f6rderung von Integrationskindern zehn Jahre nach Ablauf des Bewilligungszeitraums aufbewahrt werden. F\u00f6rderrelevante Unterlagen sind dabei alle Nachweise, die erforderlich sind, um die Korrektheit der Beantragung der F\u00f6rderung sowie deren Berech-nung zu belegen, z.B. der Buchungsbeleg mit den Nachweisen f\u00fcr die Gewichtungsfaktoren.<br>Unterlagen, die f\u00fcr Rechnungs-, Wirtschafts- und Steuerpr\u00fcfungen relevant sind, m\u00fcssen bis zu zehn Jahre nach Ablauf des Rechnungsjahres aufbewahrt werden.<br>Besondere Aufbewahrungsfristen gelten, wenn dies beispielsweise f\u00fcr Abrechnungszwecke oder im Rahmen der Dokumentationspflicht (z.B. nach einem Unfall) erforderlich ist.<br>Davon nicht betroffene Daten l\u00f6schen wir grunds\u00e4tzlich sp\u00e4testens ein Jahr nachdem das Kind die Kita verlassen hat. Das Portfolio Ihres Kindes wird Ihnen bei Verlassen der Kita ausgeh\u00e4ndigt oder vernichtet.<\/li>\n\n\n\n<li>Werden Daten in ein Drittland oder an eine internationale Organisation \u00fcbermittelt?<br>Eine Daten\u00fcbermittlung in Drittstaaten (Staaten au\u00dferhalb des Europ\u00e4ischen Wirtschaftsraums \u2013 EWR) findet grunds\u00e4tzlich nicht statt. Ausnahmen gelten nur, soweit dies gem\u00e4\u00df \u00a7 10 DSG-EKD zul\u00e4ssig w\u00e4re oder Sie uns Ihre Einwilligung erteilt haben. \u00dcber Einzelheiten werden wir Sie, sofern gesetzlich vorgege-ben, gesondert informieren.<br>Wir stellen insbesondere bei der Beauftragung von IT-Dienstleistern sicher, dass Daten innerhalb des EWR verarbeitet werden und Zugriffe aus Drittstaaten durch technische und organisatorische Ma\u00dfnahmen verhindert werden.<\/li>\n\n\n\n<li>Gibt es automatisierte Entscheidungen bzw. Profiling?<br>Alle wesentlichen Entscheidungen in unserer Kindertageseinrichtung und beim Tr\u00e4ger werden von Men-schen getroffen. Automatisierte Entscheidungen, die rechtliche Wirkung entfalten oder Sie in \u00e4hnlicher Weise erheblich beeintr\u00e4chtigen k\u00f6nnten, gibt es bei uns nicht. Ihre Daten werden auch nicht zur Profilbil-dung verwendet.<\/li>\n\n\n\n<li>Gemeinsame Verantwortung mit anderen Stellen<br>F\u00fcr folgende angekreuzte T\u00e4tigkeiten sind wir gemeinsam mit anderen Stellen verantwortlich. Sie k\u00f6nnen sich bez\u00fcglich dieser T\u00e4tigkeiten auch an die anderen Verantwortlichen wenden.<\/li>\n<\/ol>\n\n\n\n<p>x0 Abrechnungs- und f\u00f6rderrelevante Daten sowie Unfallmeldungen u.\u00e4. Daten \u00fcbermitteln wir an eine Verwaltungseinrichtung\/Verwaltungsdienstleister. Informationen der Kita-Verwaltung finden Sie auf der folgenden Website:<\/p>\n\n\n\n<p>Dekanat-neustadt.de<\/p>\n\n\n\n<p>xGesch\u00e4ftsf\u00fchrungsaufgaben f\u00fcr unsere Kindertagesst\u00e4tte werden durch eine externe Kita-Gesch\u00e4ftsf\u00fchrung ausge\u00fcbt. Informationen zur Datenverarbeitung unserer Gesch\u00e4ftsf\u00fchrung finden Sie hier: Dekanat-neustadt.de<\/p>\n\n\n\n<p>x F\u00fcr E-Mails, Kalender, Office-Programme und zur Datenspeicherung nutzen wir Microsoft-365-Dienste, die vom Landeskirchenamt der Ev.-Luth. Kirche in Bayern (LKA) sowie den Dienstleistern Cancom und Microsoft bereitgestellt werden. E-Mails, Kalenderdaten und Daten, die wir mit Office-Programmen verarbeiten, werden an Cancom und Microsoft \u00fcbermittelt und in gemeinsamer Verant-wortung mit dem LKA gem\u00e4\u00df Abschnitt II.1 der Bekanntmachung \u00fcber den Datenschutz bei von mehreren verantwortlichen kirchlichen Stellen betriebenen und genutzten Datenverarbeitungsanwen-dungen und IT-Diensten (DSGemVBek) verarbeitet. Das LKA ist insbesondere f\u00fcr technische Ma\u00df-nahmen zust\u00e4ndig und stellt sicher, dass Zugriffe aus Staaten au\u00dferhalb des Europ\u00e4ischen Wirt-schaftsraums verhindert werden. Die Zust\u00e4ndigkeit f\u00fcr Auskunftsersuchen und die Wahrung Ihrer Rechte liegt laut Nr. II.1.3.2 DSGemVBek bei uns. Sie k\u00f6nnen sich aber auch ans LKA wenden:<br>Landeskirchenamt der Ev.-Luth. Kirche in Bayern, Katharina-von-Bora-Str. 7-13, 80333 M\u00fcnchen<br>Tel.: 089 55950, E-Mail: landeskirchenamt@elkb.de<\/p>\n\n\n\n<p><\/p>\n\n\n\n<ol start=\"10\" class=\"wp-block-list\">\n<li>Welche Datenschutzrechte haben Sie?<br>Jede betroffene Person hat \u2013 jeweils im Rahmen der rechtlichen Vorgaben \u2013 das Recht auf<br>\uf06e Auskunft nach \u00a7 19 DSG-EKD<br>\uf06e Berichtigung nach \u00a7 20 DSG-EKD<br>\uf06e L\u00f6schung nach \u00a7 21 DSG-EKD<br>\uf06e Einschr\u00e4nkung der Verarbeitung nach \u00a7 22 DSG-EKD<br>\uf06e Daten\u00fcbertragbarkeit nach \u00a7 24 DSG-EKD<br>\uf06e Widerspruch nach \u00a7 25 DSG-EKD<\/li>\n<\/ol>\n\n\n\n<p>Dar\u00fcber hinaus besteht ein Beschwerderecht bei einer Aufsichtsbeh\u00f6rde f\u00fcr den Datenschutz (\u00a7 46 DSG- EKD). Zust\u00e4ndige Aufsichtsbeh\u00f6rde ist:<br>Der Beauftragte f\u00fcr den Datenschutz in der Evangelischen Kirche in Deutschland<br>Au\u00dfenstelle Ulm f\u00fcr die Datenschutzregion S\u00fcd<br>Hafenbad 22, 89073 Ulm<br>Tel.: 0731 1405930<br>E-Mail: sued@datenschutz.ekd.de<\/p>\n","protected":false},"excerpt":{"rendered":"<p>Informationen nach \u00a7\u00a7 17 und 18 Kirchengesetz \u00fcber den Daten-schutz der Evangelischen Kirche in Deutschland (DSG-EKD) Liebe Eltern, liebe Sorgeberechtigte,hiermit informieren wir Sie gem. \u00a7\u00a7 17 und 18 DSG-EKD \u00fcber &hellip; <\/p>\n","protected":false},"author":1,"featured_media":0,"parent":0,"menu_order":0,"comment_status":"closed","ping_status":"closed","template":"","meta":{"footnotes":""},"class_list":["post-6639","page","type-page","status-publish","hentry"],"jetpack_sharing_enabled":true,"jetpack_shortlink":"https:\/\/wp.me\/P8teGU-1J5","_links":{"self":[{"href":"https:\/\/wilhelmsdorf-evangelisch.de\/index.php?rest_route=\/wp\/v2\/pages\/6639","targetHints":{"allow":["GET"]}}],"collection":[{"href":"https:\/\/wilhelmsdorf-evangelisch.de\/index.php?rest_route=\/wp\/v2\/pages"}],"about":[{"href":"https:\/\/wilhelmsdorf-evangelisch.de\/index.php?rest_route=\/wp\/v2\/types\/page"}],"author":[{"embeddable":true,"href":"https:\/\/wilhelmsdorf-evangelisch.de\/index.php?rest_route=\/wp\/v2\/users\/1"}],"replies":[{"embeddable":true,"href":"https:\/\/wilhelmsdorf-evangelisch.de\/index.php?rest_route=%2Fwp%2Fv2%2Fcomments&post=6639"}],"version-history":[{"count":1,"href":"https:\/\/wilhelmsdorf-evangelisch.de\/index.php?rest_route=\/wp\/v2\/pages\/6639\/revisions"}],"predecessor-version":[{"id":6640,"href":"https:\/\/wilhelmsdorf-evangelisch.de\/index.php?rest_route=\/wp\/v2\/pages\/6639\/revisions\/6640"}],"wp:attachment":[{"href":"https:\/\/wilhelmsdorf-evangelisch.de\/index.php?rest_route=%2Fwp%2Fv2%2Fmedia&parent=6639"}],"curies":[{"name":"wp","href":"https:\/\/api.w.org\/{rel}","templated":true}]}}