{"id":337,"date":"2017-11-13T21:08:43","date_gmt":"2017-11-13T21:08:43","guid":{"rendered":"http:\/\/relaunch.wilhelmsdorf-evangelisch.de\/?page_id=337"},"modified":"2025-02-19T10:45:35","modified_gmt":"2025-02-19T09:45:35","slug":"oeffnungszeiten-und-beitraege","status":"publish","type":"page","link":"https:\/\/wilhelmsdorf-evangelisch.de\/?page_id=337","title":{"rendered":"\u00d6ffnungszeiten und Beitr\u00e4ge"},"content":{"rendered":"\n<p class=\"has-pale-cyan-blue-background-color has-background\"><strong>Unsere \u00d6ffnungszeiten:<\/strong><br>Montag bis Donnerstag:<br>7:00 Uhr &#8211; 12:00 Uhr: p\u00e4dagogische Kernzeit<br>12:00 Uhr &#8211; 13:30 Uhr: erste Abholzeit, Mittagessen und Ruhezeit<br>13:30 Uhr &#8211; 16:15 Uhr: am Nachmittag werden die Kinder den Buchungszeiten entsprechend abgeholt<br>Freitag:<br>7:00 Uhr &#8211; 15:00 Uhr<\/p>\n\n\n\n<p><strong>Ferienzeiten:<\/strong><br>Die Ferienzeiten geben wir in den aktuellen Elternbriefen bekannt. In der Regel schlie\u00dft unsere Einrichtung in den Sommerferien im August 3 Wochen, in den Weihnachtsferien 2 Wochen und in den Pfingstferien 1 Woche. <\/p>\n\n\n\n<p class=\"has-pale-cyan-blue-background-color has-background\"><strong>Mittagessen: <\/strong><br>Alle Kinder, die am Mittagessen teilnehmen, k\u00f6nnen wahlweise kaltes Essen von zu Hause mitbringen oder warmes Essen durch die Einrichtung bestellen. Die Verpflegung erfolgt durch einen Catering-Betrieb. <\/p>\n\n\n\n<p><strong>Beitr\u00e4ge ab 1. <\/strong>September 2024<br>Beitr\u00e4ge <span style=\"text-decoration: underline;\">einschlie\u00dflich <\/span>Spiel- und Getr\u00e4nkegeld<\/p>\n\n\n\n<figure class=\"wp-block-table is-style-stripes\"><table class=\"has-fixed-layout\"><tbody><tr><td><strong>Buchungszeit<\/strong><strong><\/strong><\/td><td><strong>3-4 Std.<\/strong><strong><\/strong><\/td><td><strong>4-5 Std.<\/strong><strong><\/strong><\/td><td><strong>5-6 Std.<\/strong><strong><\/strong><\/td><td><strong>6-7 Std.<\/strong><strong><\/strong><\/td><td><strong>7-8 Std.<\/strong><strong><\/strong><\/td><td><strong>8-9 Std.<\/strong><strong><\/strong><\/td><\/tr><tr><td>unter 3 Jahren<\/td><td>194 \u20ac<\/td><td>216 \u20ac<\/td><td>238 \u20ac<\/td><td>260 \u20ac<\/td><td>282 \u20ac<\/td><td>304 \u20ac<\/td><\/tr><tr><td>unter 3 Jahren mit Beitrags-entlastun<\/td><td>94  \u20ac<\/td><td>116 \u20ac<\/td><td>138 \u20ac<\/td><td>160 \u20ac<\/td><td>182 \u20ac<\/td><td>204 \u20ac<\/td><\/tr><tr><td>Kinder ab 3 Jahren<\/td><td>&nbsp;<\/td><td>120 \u20ac<\/td><td>132 \u20ac<\/td><td>144 \u20ac<\/td><td>156 \u20ac<\/td><td>168 \u20ac<\/td><\/tr><tr><td>Kinder ab 3 Jahren mit Beitragsentlastung<\/td><td>&#8211;<\/td><td>20 \u20ac<\/td><td>32 \u20ac<\/td><td>44 \u20ac<\/td><td>56 \u20ac<\/td><td>68 \u20ac<\/td><\/tr><\/tbody><\/table><\/figure>\n\n\n\n<p><em><strong>Was ist die Beitragsentlastungsphase?<\/strong><\/em><br>In dieser Phase \u00fcbernimmt der Freistaat Bayern 100 Euro der Elternbeitr\u00e4ge. Die Phase beginnt am 1. September des Jahres, in dem Ihr Kind drei Jahre alt wird und endet mit der Einschulung.  Auf der R\u00fcckseite des Blattes ist die gesetzliche Regelung genauer erl\u00e4utert.<\/p>\n\n\n\n<p><strong><em>Weitere Verg\u00fcnstigungen in unserer Einrichtung:<\/em><\/strong><br>Wenn Geschwisterkinder gleichzeitig unsere KiTa besuchen und Sie keine Beitragsentlastung erhalten, gew\u00e4hren wir Ihnen 20 \u20ac Familienbonus f\u00fcr Ihr zweites Kind, jedes dritte Kind erh\u00e4lt 35 \u20ac Erm\u00e4\u00dfigung auf die Elternbeitr\u00e4ge.<\/p>\n\n\n\n<p><a href=\"https:\/\/wilhelmsdorf-evangelisch.de\/wp-content\/uploads\/2022\/10\/Elternbeitraege-ab-Februar-2023.pdf\" target=\"_blank\" rel=\"noreferrer noopener\">Download der Elternbeitragstabelle (g\u00fcltig ab 1. September 2024)<\/a><\/p>\n\n\n\n<p><\/p>\n\n\n\n<p>Die Beitr\u00e4ge werden monatlich per Lastschrift eingezogen.<\/p>\n\n\n<div class=\"wp-block-image\">\n<figure class=\"aligncenter\"><a href=\"https:\/\/wilhelmsdorf-evangelisch.de\/?attachment_id=1678\"><img data-recalc-dims=\"1\" decoding=\"async\" width=\"735\" height=\"154\" data-attachment-id=\"1678\" data-permalink=\"https:\/\/wilhelmsdorf-evangelisch.de\/?attachment_id=1678\" data-orig-file=\"https:\/\/i0.wp.com\/wilhelmsdorf-evangelisch.de\/wp-content\/uploads\/2019\/02\/Panoramawest.jpg?fit=2048%2C430&amp;ssl=1\" data-orig-size=\"2048,430\" data-comments-opened=\"0\" data-image-meta=\"{&quot;aperture&quot;:&quot;0&quot;,&quot;credit&quot;:&quot;&quot;,&quot;camera&quot;:&quot;&quot;,&quot;caption&quot;:&quot;&quot;,&quot;created_timestamp&quot;:&quot;0&quot;,&quot;copyright&quot;:&quot;&quot;,&quot;focal_length&quot;:&quot;0&quot;,&quot;iso&quot;:&quot;0&quot;,&quot;shutter_speed&quot;:&quot;0&quot;,&quot;title&quot;:&quot;&quot;,&quot;orientation&quot;:&quot;0&quot;}\" data-image-title=\"Panoramawest\" data-image-description=\"\" data-image-caption=\"\" data-large-file=\"https:\/\/i0.wp.com\/wilhelmsdorf-evangelisch.de\/wp-content\/uploads\/2019\/02\/Panoramawest.jpg?fit=735%2C154&amp;ssl=1\" data-src=\"https:\/\/i0.wp.com\/wilhelmsdorf-evangelisch.de\/wp-content\/uploads\/2019\/02\/Panoramawest.jpg?resize=735%2C154&#038;ssl=1\" alt=\"\" class=\"wp-image-1678 lazyload\" data-srcset=\"https:\/\/i0.wp.com\/wilhelmsdorf-evangelisch.de\/wp-content\/uploads\/2019\/02\/Panoramawest.jpg?resize=1024%2C215&amp;ssl=1 1024w, https:\/\/i0.wp.com\/wilhelmsdorf-evangelisch.de\/wp-content\/uploads\/2019\/02\/Panoramawest.jpg?resize=300%2C63&amp;ssl=1 300w, https:\/\/i0.wp.com\/wilhelmsdorf-evangelisch.de\/wp-content\/uploads\/2019\/02\/Panoramawest.jpg?resize=768%2C161&amp;ssl=1 768w, https:\/\/i0.wp.com\/wilhelmsdorf-evangelisch.de\/wp-content\/uploads\/2019\/02\/Panoramawest.jpg?resize=1536%2C323&amp;ssl=1 1536w, https:\/\/i0.wp.com\/wilhelmsdorf-evangelisch.de\/wp-content\/uploads\/2019\/02\/Panoramawest.jpg?w=2048&amp;ssl=1 2048w, https:\/\/i0.wp.com\/wilhelmsdorf-evangelisch.de\/wp-content\/uploads\/2019\/02\/Panoramawest.jpg?w=1470&amp;ssl=1 1470w\" data-sizes=\"(max-width: 735px) 100vw, 735px\" src=\"data:image\/svg+xml;base64,PHN2ZyB3aWR0aD0iMSIgaGVpZ2h0PSIxIiB4bWxucz0iaHR0cDovL3d3dy53My5vcmcvMjAwMC9zdmciPjwvc3ZnPg==\" style=\"--smush-placeholder-width: 735px; --smush-placeholder-aspect-ratio: 735\/154;\" \/><\/a><\/figure>\n<\/div>","protected":false},"excerpt":{"rendered":"<p>Unsere \u00d6ffnungszeiten:Montag bis Donnerstag:7:00 Uhr &#8211; 12:00 Uhr: p\u00e4dagogische Kernzeit12:00 Uhr &#8211; 13:30 Uhr: erste Abholzeit, Mittagessen und Ruhezeit13:30 Uhr &#8211; 16:15 Uhr: am Nachmittag werden die Kinder den Buchungszeiten &hellip; <\/p>\n","protected":false},"author":1,"featured_media":0,"parent":325,"menu_order":0,"comment_status":"closed","ping_status":"closed","template":"","meta":{"footnotes":""},"class_list":["post-337","page","type-page","status-publish","hentry"],"jetpack_sharing_enabled":true,"jetpack_shortlink":"https:\/\/wp.me\/P8teGU-5r","_links":{"self":[{"href":"https:\/\/wilhelmsdorf-evangelisch.de\/index.php?rest_route=\/wp\/v2\/pages\/337","targetHints":{"allow":["GET"]}}],"collection":[{"href":"https:\/\/wilhelmsdorf-evangelisch.de\/index.php?rest_route=\/wp\/v2\/pages"}],"about":[{"href":"https:\/\/wilhelmsdorf-evangelisch.de\/index.php?rest_route=\/wp\/v2\/types\/page"}],"author":[{"embeddable":true,"href":"https:\/\/wilhelmsdorf-evangelisch.de\/index.php?rest_route=\/wp\/v2\/users\/1"}],"replies":[{"embeddable":true,"href":"https:\/\/wilhelmsdorf-evangelisch.de\/index.php?rest_route=%2Fwp%2Fv2%2Fcomments&post=337"}],"version-history":[{"count":12,"href":"https:\/\/wilhelmsdorf-evangelisch.de\/index.php?rest_route=\/wp\/v2\/pages\/337\/revisions"}],"predecessor-version":[{"id":6534,"href":"https:\/\/wilhelmsdorf-evangelisch.de\/index.php?rest_route=\/wp\/v2\/pages\/337\/revisions\/6534"}],"up":[{"embeddable":true,"href":"https:\/\/wilhelmsdorf-evangelisch.de\/index.php?rest_route=\/wp\/v2\/pages\/325"}],"wp:attachment":[{"href":"https:\/\/wilhelmsdorf-evangelisch.de\/index.php?rest_route=%2Fwp%2Fv2%2Fmedia&parent=337"}],"curies":[{"name":"wp","href":"https:\/\/api.w.org\/{rel}","templated":true}]}}