{"id":335,"date":"2017-11-13T21:07:13","date_gmt":"2017-11-13T21:07:13","guid":{"rendered":"http:\/\/relaunch.wilhelmsdorf-evangelisch.de\/?page_id=335"},"modified":"2025-02-19T10:29:36","modified_gmt":"2025-02-19T09:29:36","slug":"konzept","status":"publish","type":"page","link":"https:\/\/wilhelmsdorf-evangelisch.de\/?page_id=335","title":{"rendered":"Unser Konzept"},"content":{"rendered":"\n<p class=\"has-pale-cyan-blue-background-color has-background\">Unsere Einrichtung ist eine viergruppige evangelische Kindertagesst\u00e4tte, in welcher Kinder in 2 Krippengruppen (1 &#8211; 3 Jahre)  und 2  altersgemischten Gruppen (3 &#8211; 6 Jahre)  betreut werden.<br>Die Kinder erhalten durch die altersentsprechende F\u00f6rderung und Angebote vielf\u00e4ltige Bildungsanregungen und Entwicklungsimpulse. Sie k\u00f6nnen Erfahrungen im sozialen Kontext mit anderen Kindern sammeln.<\/p>\n\n\n\n<h4 class=\"wp-block-heading\"><strong>Unsere Ziele sind:<\/strong><\/h4>\n\n\n\n<ul class=\"wp-block-list\">\n<li>die Kinder zur Selbstst\u00e4ndigkeit und Kooperationsf\u00e4higkeit hinzuf\u00fchren<\/li>\n\n\n\n<li>Konflikte l\u00f6sen lernen<\/li>\n\n\n\n<li>Freundschaften schlie\u00dfen und sich in der Gesamtgruppe zurechtzufinden<\/li>\n\n\n\n<li>Verantwortung zu \u00fcbernehmen<\/li>\n\n\n\n<li>F\u00f6rderung der Kreativit\u00e4t<\/li>\n\n\n\n<li>Religi\u00f6se Erziehung<\/li>\n<\/ul>\n\n\n\n<p>Bei unserer Arbeit mit den Kindern ist es uns wichtig, den Entwicklungsstand der Kinder zu ber\u00fccksichtigen und individuell zu f\u00f6rdern. Wir arbeiten nach dem Bayerischen Kinderbildungs- und -betreuungsgesetz.<br>Wir verstehen uns als eine kirchliche Einrichtung. Deshalb bedeutet eine christliche Erziehung f\u00fcr uns, einander anzunehmen und vertrauensvolle soziale Beziehungen in unserem t\u00e4glichen Zusammenleben zu erm\u00f6glichen.<\/p>\n\n\n\n<figure class=\"wp-block-gallery has-nested-images columns-default is-cropped wp-block-gallery-1 is-layout-flex wp-block-gallery-is-layout-flex\">\n<figure class=\"wp-block-image\"><a href=\"https:\/\/wilhelmsdorf-evangelisch.de\/?attachment_id=1682\"><img data-recalc-dims=\"1\" decoding=\"async\" width=\"640\" height=\"480\" data-attachment-id=\"1682\" data-permalink=\"https:\/\/wilhelmsdorf-evangelisch.de\/?attachment_id=1682\" data-orig-file=\"https:\/\/i0.wp.com\/wilhelmsdorf-evangelisch.de\/wp-content\/uploads\/2019\/02\/Bastelecke.jpg?fit=640%2C480&amp;ssl=1\" data-orig-size=\"640,480\" data-comments-opened=\"0\" data-image-meta=\"{&quot;aperture&quot;:&quot;0&quot;,&quot;credit&quot;:&quot;&quot;,&quot;camera&quot;:&quot;&quot;,&quot;caption&quot;:&quot;&quot;,&quot;created_timestamp&quot;:&quot;0&quot;,&quot;copyright&quot;:&quot;&quot;,&quot;focal_length&quot;:&quot;0&quot;,&quot;iso&quot;:&quot;0&quot;,&quot;shutter_speed&quot;:&quot;0&quot;,&quot;title&quot;:&quot;&quot;,&quot;orientation&quot;:&quot;0&quot;}\" data-image-title=\"Bastelecke\" data-image-description=\"\" data-image-caption=\"\" data-large-file=\"https:\/\/i0.wp.com\/wilhelmsdorf-evangelisch.de\/wp-content\/uploads\/2019\/02\/Bastelecke.jpg?fit=640%2C480&amp;ssl=1\" data-id=\"1682\" data-src=\"https:\/\/i0.wp.com\/wilhelmsdorf-evangelisch.de\/wp-content\/uploads\/2019\/02\/Bastelecke.jpg?resize=640%2C480&#038;ssl=1\" alt=\"\" class=\"wp-image-1682 lazyload\" data-srcset=\"https:\/\/i0.wp.com\/wilhelmsdorf-evangelisch.de\/wp-content\/uploads\/2019\/02\/Bastelecke.jpg?w=640&amp;ssl=1 640w, https:\/\/i0.wp.com\/wilhelmsdorf-evangelisch.de\/wp-content\/uploads\/2019\/02\/Bastelecke.jpg?resize=300%2C225&amp;ssl=1 300w\" data-sizes=\"(max-width: 640px) 100vw, 640px\" src=\"data:image\/svg+xml;base64,PHN2ZyB3aWR0aD0iMSIgaGVpZ2h0PSIxIiB4bWxucz0iaHR0cDovL3d3dy53My5vcmcvMjAwMC9zdmciPjwvc3ZnPg==\" style=\"--smush-placeholder-width: 640px; --smush-placeholder-aspect-ratio: 640\/480;\" \/><\/a><\/figure>\n\n\n\n<figure class=\"wp-block-image\"><a href=\"https:\/\/wilhelmsdorf-evangelisch.de\/?attachment_id=1683\"><img data-recalc-dims=\"1\" decoding=\"async\" width=\"640\" height=\"480\" data-attachment-id=\"1683\" data-permalink=\"https:\/\/wilhelmsdorf-evangelisch.de\/?attachment_id=1683\" data-orig-file=\"https:\/\/i0.wp.com\/wilhelmsdorf-evangelisch.de\/wp-content\/uploads\/2019\/02\/Garderobe.jpg?fit=640%2C480&amp;ssl=1\" data-orig-size=\"640,480\" data-comments-opened=\"0\" data-image-meta=\"{&quot;aperture&quot;:&quot;0&quot;,&quot;credit&quot;:&quot;&quot;,&quot;camera&quot;:&quot;&quot;,&quot;caption&quot;:&quot;&quot;,&quot;created_timestamp&quot;:&quot;0&quot;,&quot;copyright&quot;:&quot;&quot;,&quot;focal_length&quot;:&quot;0&quot;,&quot;iso&quot;:&quot;0&quot;,&quot;shutter_speed&quot;:&quot;0&quot;,&quot;title&quot;:&quot;&quot;,&quot;orientation&quot;:&quot;0&quot;}\" data-image-title=\"Garderobe\" data-image-description=\"\" data-image-caption=\"\" data-large-file=\"https:\/\/i0.wp.com\/wilhelmsdorf-evangelisch.de\/wp-content\/uploads\/2019\/02\/Garderobe.jpg?fit=640%2C480&amp;ssl=1\" data-id=\"1683\" data-src=\"https:\/\/i0.wp.com\/wilhelmsdorf-evangelisch.de\/wp-content\/uploads\/2019\/02\/Garderobe.jpg?resize=640%2C480&#038;ssl=1\" alt=\"\" class=\"wp-image-1683 lazyload\" data-srcset=\"https:\/\/i0.wp.com\/wilhelmsdorf-evangelisch.de\/wp-content\/uploads\/2019\/02\/Garderobe.jpg?w=640&amp;ssl=1 640w, https:\/\/i0.wp.com\/wilhelmsdorf-evangelisch.de\/wp-content\/uploads\/2019\/02\/Garderobe.jpg?resize=300%2C225&amp;ssl=1 300w\" data-sizes=\"(max-width: 640px) 100vw, 640px\" src=\"data:image\/svg+xml;base64,PHN2ZyB3aWR0aD0iMSIgaGVpZ2h0PSIxIiB4bWxucz0iaHR0cDovL3d3dy53My5vcmcvMjAwMC9zdmciPjwvc3ZnPg==\" style=\"--smush-placeholder-width: 640px; --smush-placeholder-aspect-ratio: 640\/480;\" \/><\/a><\/figure>\n\n\n\n<figure class=\"wp-block-image\"><a href=\"https:\/\/wilhelmsdorf-evangelisch.de\/?attachment_id=1677\"><img data-recalc-dims=\"1\" decoding=\"async\" width=\"735\" height=\"551\" data-attachment-id=\"1677\" data-permalink=\"https:\/\/wilhelmsdorf-evangelisch.de\/?attachment_id=1677\" data-orig-file=\"https:\/\/i0.wp.com\/wilhelmsdorf-evangelisch.de\/wp-content\/uploads\/2019\/02\/Krippeneu.jpg?fit=2048%2C1536&amp;ssl=1\" data-orig-size=\"2048,1536\" data-comments-opened=\"0\" data-image-meta=\"{&quot;aperture&quot;:&quot;0&quot;,&quot;credit&quot;:&quot;&quot;,&quot;camera&quot;:&quot;&quot;,&quot;caption&quot;:&quot;&quot;,&quot;created_timestamp&quot;:&quot;0&quot;,&quot;copyright&quot;:&quot;&quot;,&quot;focal_length&quot;:&quot;0&quot;,&quot;iso&quot;:&quot;0&quot;,&quot;shutter_speed&quot;:&quot;0&quot;,&quot;title&quot;:&quot;&quot;,&quot;orientation&quot;:&quot;0&quot;}\" data-image-title=\"Krippeneu\" data-image-description=\"\" data-image-caption=\"\" data-large-file=\"https:\/\/i0.wp.com\/wilhelmsdorf-evangelisch.de\/wp-content\/uploads\/2019\/02\/Krippeneu.jpg?fit=735%2C551&amp;ssl=1\" data-id=\"1677\" data-src=\"https:\/\/i0.wp.com\/wilhelmsdorf-evangelisch.de\/wp-content\/uploads\/2019\/02\/Krippeneu.jpg?resize=735%2C551&#038;ssl=1\" alt=\"\" class=\"wp-image-1677 lazyload\" data-srcset=\"https:\/\/i0.wp.com\/wilhelmsdorf-evangelisch.de\/wp-content\/uploads\/2019\/02\/Krippeneu.jpg?resize=1024%2C768&amp;ssl=1 1024w, https:\/\/i0.wp.com\/wilhelmsdorf-evangelisch.de\/wp-content\/uploads\/2019\/02\/Krippeneu.jpg?resize=300%2C225&amp;ssl=1 300w, https:\/\/i0.wp.com\/wilhelmsdorf-evangelisch.de\/wp-content\/uploads\/2019\/02\/Krippeneu.jpg?resize=768%2C576&amp;ssl=1 768w, https:\/\/i0.wp.com\/wilhelmsdorf-evangelisch.de\/wp-content\/uploads\/2019\/02\/Krippeneu.jpg?resize=1536%2C1152&amp;ssl=1 1536w, https:\/\/i0.wp.com\/wilhelmsdorf-evangelisch.de\/wp-content\/uploads\/2019\/02\/Krippeneu.jpg?w=2048&amp;ssl=1 2048w, https:\/\/i0.wp.com\/wilhelmsdorf-evangelisch.de\/wp-content\/uploads\/2019\/02\/Krippeneu.jpg?w=1470&amp;ssl=1 1470w\" data-sizes=\"(max-width: 735px) 100vw, 735px\" src=\"data:image\/svg+xml;base64,PHN2ZyB3aWR0aD0iMSIgaGVpZ2h0PSIxIiB4bWxucz0iaHR0cDovL3d3dy53My5vcmcvMjAwMC9zdmciPjwvc3ZnPg==\" style=\"--smush-placeholder-width: 735px; --smush-placeholder-aspect-ratio: 735\/551;\" \/><\/a><\/figure>\n<\/figure>\n","protected":false},"excerpt":{"rendered":"<p>Unsere Einrichtung ist eine viergruppige evangelische Kindertagesst\u00e4tte, in welcher Kinder in 2 Krippengruppen (1 &#8211; 3 Jahre) und 2 altersgemischten Gruppen (3 &#8211; 6 Jahre) betreut werden.Die Kinder erhalten durch &hellip; <\/p>\n","protected":false},"author":1,"featured_media":0,"parent":325,"menu_order":0,"comment_status":"closed","ping_status":"closed","template":"","meta":{"footnotes":""},"class_list":["post-335","page","type-page","status-publish","hentry"],"jetpack_sharing_enabled":true,"jetpack_shortlink":"https:\/\/wp.me\/P8teGU-5p","_links":{"self":[{"href":"https:\/\/wilhelmsdorf-evangelisch.de\/index.php?rest_route=\/wp\/v2\/pages\/335","targetHints":{"allow":["GET"]}}],"collection":[{"href":"https:\/\/wilhelmsdorf-evangelisch.de\/index.php?rest_route=\/wp\/v2\/pages"}],"about":[{"href":"https:\/\/wilhelmsdorf-evangelisch.de\/index.php?rest_route=\/wp\/v2\/types\/page"}],"author":[{"embeddable":true,"href":"https:\/\/wilhelmsdorf-evangelisch.de\/index.php?rest_route=\/wp\/v2\/users\/1"}],"replies":[{"embeddable":true,"href":"https:\/\/wilhelmsdorf-evangelisch.de\/index.php?rest_route=%2Fwp%2Fv2%2Fcomments&post=335"}],"version-history":[{"count":6,"href":"https:\/\/wilhelmsdorf-evangelisch.de\/index.php?rest_route=\/wp\/v2\/pages\/335\/revisions"}],"predecessor-version":[{"id":6529,"href":"https:\/\/wilhelmsdorf-evangelisch.de\/index.php?rest_route=\/wp\/v2\/pages\/335\/revisions\/6529"}],"up":[{"embeddable":true,"href":"https:\/\/wilhelmsdorf-evangelisch.de\/index.php?rest_route=\/wp\/v2\/pages\/325"}],"wp:attachment":[{"href":"https:\/\/wilhelmsdorf-evangelisch.de\/index.php?rest_route=%2Fwp%2Fv2%2Fmedia&parent=335"}],"curies":[{"name":"wp","href":"https:\/\/api.w.org\/{rel}","templated":true}]}}