{"id":333,"date":"2017-11-13T21:05:58","date_gmt":"2017-11-13T21:05:58","guid":{"rendered":"http:\/\/relaunch.wilhelmsdorf-evangelisch.de\/?page_id=333"},"modified":"2024-10-28T15:44:09","modified_gmt":"2024-10-28T14:44:09","slug":"termine-im-kindergarten-wilhelmsdorf","status":"publish","type":"page","link":"https:\/\/wilhelmsdorf-evangelisch.de\/?page_id=333","title":{"rendered":"Termine im Kindergarten Wilhelmsdorf"},"content":{"rendered":"\n<p>Montag, 11.11.2024 Der Pelzm\u00e4rtel kommt in die Kita<\/p>\n\n\n\n<p>Dienstag, 12.11.2024, 16.45 Uhr St. Martins-Gottesdienst in der Kirche anschl. Laternenumzug zum Feuerwehrhaus<\/p>\n\n\n\n<p>Samstag, 14.12.2024, 15.00 Uhr  Singen zur Er\u00f6ffnung am Weihnachtsmarkt<\/p>\n\n\n\n<p>Freitag, 22.12.2024 Die Kita schlie\u00dft um 12.00 Uhr<\/p>\n\n\n\n<p><\/p>\n\n\n\n<p>Donnerstag, 16.01.2025 Verkehrserziehung in der Vorschulgruppe mit der Polizei; alle Gruppen schauen das Polizeiauto an und k\u00f6nnen Fragen stellen<\/p>\n\n\n\n<ul class=\"wp-block-list\">\n<li>Donnerstag, 16.01.2025, 19.30 Uhr Elterabend  in der Grundschule Emskirchen f\u00fcr die Schuleing\u00e4nger 2025<\/li>\n\n\n\n<li>Donnerstag, 20.02.2025, 15.00 Uhr Informationsnachmittag Krippe und Kiga &#8222;Neue&#8220;<\/li>\n<\/ul>\n\n\n\n<ul class=\"wp-block-list\">\n<li>Donnerstag, 27.02.2025,  Verkleidungsfest in der Kita<\/li>\n<\/ul>\n\n\n\n<ul class=\"wp-block-list\">\n<li>Mittwoch, 02.04.2025, 16.00 Uhr Familientag Wanderung nach Oberalbach mit Eltern<\/li>\n<\/ul>\n\n\n\n<ul class=\"wp-block-list\">\n<li>Donnerstag, 10.04.2025 Osternestersuche und gemeinsames Fr\u00fchst\u00fcck in allen Gruppen<\/li>\n<\/ul>\n\n\n\n<ul class=\"wp-block-list\">\n<li>Freitag, 23.05.2025 Kita ab 12:30 Uhr geschlossen, wir bereiten unser Familienfest vor<\/li>\n<\/ul>\n\n\n\n<ul class=\"wp-block-list\">\n<li>Freitag, 23.05.2025, 15:00 &#8211; 18:00 Uhr Familienfest<\/li>\n<\/ul>\n\n\n\n<ul class=\"wp-block-list\">\n<li>Donnerstag, 26.06.2025 Ausflug der Vorschulkinder<\/li>\n<\/ul>\n\n\n\n<ul class=\"wp-block-list\">\n<li>Sonntag, 29.06.2025 10:00 Uhr Gottesdienst im Gr\u00fcnen<\/li>\n<\/ul>\n\n\n\n<ul class=\"wp-block-list\">\n<li>Freitag, 11.07.2025, 17.00 Uhr Erlebnisabend Vorschulkinder  <\/li>\n<\/ul>\n\n\n\n<ul class=\"wp-block-list\">\n<li>Mittwoch, 16.07.2025 symbolischer Rauswurf der Vorschulkinder<\/li>\n<\/ul>\n\n\n\n<ul class=\"wp-block-list\">\n<li>Mittwoch, 16.07.2025 17.00 Uhr Abschlussgottesdienst f\u00fcr die Vorschulkinder<\/li>\n<\/ul>\n\n\n\n<p><\/p>\n\n\n\n<p><\/p>\n\n\n\n<p>-Alle Termine unter Vorbehalt. Kurzfristige \u00c4nderungen geben wir \u00fcber die Stayinformed bzw. Stramplerbande App bekannt.<\/p>\n\n\n\n<p><\/p>\n\n\n\n<p><\/p>\n\n\n\n<h2 class=\"wp-block-heading\"><\/h2>\n\n\n\n<p><\/p>\n\n\n\n<p class=\"has-light-green-cyan-background-color has-background has-medium-font-size\"><strong>Schlie\u00dftage:<\/strong><\/p>\n\n\n\n<p class=\"has-light-green-cyan-background-color has-background\">20.11.2024 Bu\u00df- und Bettag<\/p>\n\n\n\n<p class=\"has-light-green-cyan-background-color has-background\">23.12.2024 bis 06.01.2025 Weihnachtsferien<\/p>\n\n\n\n<p class=\"has-light-green-cyan-background-color has-background\">16.06.2025 bis 20.06.2025 Pfingstferien<\/p>\n\n\n\n<p class=\"has-light-green-cyan-background-color has-background\">31.07.2025 Planungstag<\/p>\n\n\n\n<p class=\"has-light-green-cyan-background-color has-background\">01.08.2025 Planungstag<\/p>\n\n\n\n<p class=\"has-light-green-cyan-background-color has-background\">04.08.2025 bis 22.08.2025 Sommerferien<\/p>\n\n\n\n<p class=\"has-small-font-size\">Die Schlie\u00dftage sind im Bayerischen Kinderbildungs- und Betreuungsgesetz geregelt. Die H\u00f6chstzahl von 30 Tagen wird nicht \u00fcberschritten.<\/p>\n\n\n\n<p><\/p>\n\n\n\n<p class=\"has-light-green-cyan-background-color has-background\">10.02.2025 und 11.02.2025 Fortbildungstage<\/p>\n\n\n\n<p class=\"has-small-font-size\">Die Fortbildungstage sind im Bayerischen Kinderbildungs- und Betreuungsgesetz geregelt. Die H\u00f6chstzahl von 5 Tagen wird nicht \u00fcberschritten.<\/p>\n\n\n\n<p><\/p>\n\n\n\n<p>Diese Seite erhebt keinen Anspruch auf Vollst\u00e4ndigkeit oder Richtigkeit der angebotenen Informationen!<\/p>\n\n\n\n<p><\/p>\n\n\n\n<p><\/p>\n\n\n\n<p><\/p>\n","protected":false},"excerpt":{"rendered":"<p>Montag, 11.11.2024 Der Pelzm\u00e4rtel kommt in die Kita Dienstag, 12.11.2024, 16.45 Uhr St. Martins-Gottesdienst in der Kirche anschl. Laternenumzug zum Feuerwehrhaus Samstag, 14.12.2024, 15.00 Uhr Singen zur Er\u00f6ffnung am Weihnachtsmarkt &hellip; <\/p>\n","protected":false},"author":1,"featured_media":0,"parent":325,"menu_order":0,"comment_status":"closed","ping_status":"closed","template":"","meta":{"footnotes":""},"class_list":["post-333","page","type-page","status-publish","hentry"],"jetpack_sharing_enabled":true,"jetpack_shortlink":"https:\/\/wp.me\/P8teGU-5n","_links":{"self":[{"href":"https:\/\/wilhelmsdorf-evangelisch.de\/index.php?rest_route=\/wp\/v2\/pages\/333","targetHints":{"allow":["GET"]}}],"collection":[{"href":"https:\/\/wilhelmsdorf-evangelisch.de\/index.php?rest_route=\/wp\/v2\/pages"}],"about":[{"href":"https:\/\/wilhelmsdorf-evangelisch.de\/index.php?rest_route=\/wp\/v2\/types\/page"}],"author":[{"embeddable":true,"href":"https:\/\/wilhelmsdorf-evangelisch.de\/index.php?rest_route=\/wp\/v2\/users\/1"}],"replies":[{"embeddable":true,"href":"https:\/\/wilhelmsdorf-evangelisch.de\/index.php?rest_route=%2Fwp%2Fv2%2Fcomments&post=333"}],"version-history":[{"count":94,"href":"https:\/\/wilhelmsdorf-evangelisch.de\/index.php?rest_route=\/wp\/v2\/pages\/333\/revisions"}],"predecessor-version":[{"id":6391,"href":"https:\/\/wilhelmsdorf-evangelisch.de\/index.php?rest_route=\/wp\/v2\/pages\/333\/revisions\/6391"}],"up":[{"embeddable":true,"href":"https:\/\/wilhelmsdorf-evangelisch.de\/index.php?rest_route=\/wp\/v2\/pages\/325"}],"wp:attachment":[{"href":"https:\/\/wilhelmsdorf-evangelisch.de\/index.php?rest_route=%2Fwp%2Fv2%2Fmedia&parent=333"}],"curies":[{"name":"wp","href":"https:\/\/api.w.org\/{rel}","templated":true}]}}