{"id":325,"date":"2017-11-13T21:04:15","date_gmt":"2017-11-13T21:04:15","guid":{"rendered":"http:\/\/relaunch.wilhelmsdorf-evangelisch.de\/?page_id=325"},"modified":"2024-11-27T09:40:19","modified_gmt":"2024-11-27T08:40:19","slug":"kindergarten-wilhelmsdorf-kontakt","status":"publish","type":"page","link":"https:\/\/wilhelmsdorf-evangelisch.de\/?page_id=325","title":{"rendered":"Kindergarten Wilhelmsdorf &#8211; Kontakt"},"content":{"rendered":"\n<p class=\"has-background\" style=\"background-color:#ffdf88\"><strong>So erreichen Sie uns:<\/strong><br>Evangelischer Kindergarten<br>Schubertstra\u00dfe&nbsp;&nbsp; 4<br>91489 Wilhelmsdorf<br>Tel: 09104\/997<br><a href=\"mailto:kindergarten-wilhelmsdorf@t-online.de\">kindergarten-wilhelmsdorf@t-online.de<\/a><\/p>\n\n\n\n<p>Unser Kindergarten wird von einem gemeinn\u00fctzigen Verein betrieben:<br>Evang. Gemeindediakonieverein e.V.<br>Martin-Luther-Stra\u00dfe 6<br>91489 Wilhelmsdorf<br>1. Vorsitzender: Pfarrer Alexander Seidel <br>2.  Vorsitzende: Angela Wei\u00df<br>Kassier: Helmut F\u00f6rster<br><\/p>\n","protected":false},"excerpt":{"rendered":"<p>So erreichen Sie uns:Evangelischer KindergartenSchubertstra\u00dfe&nbsp;&nbsp; 491489 WilhelmsdorfTel: 09104\/997kindergarten-wilhelmsdorf@t-online.de Unser Kindergarten wird von einem gemeinn\u00fctzigen Verein betrieben:Evang. Gemeindediakonieverein e.V.Martin-Luther-Stra\u00dfe 691489 Wilhelmsdorf1. Vorsitzender: Pfarrer Alexander Seidel 2. Vorsitzende: Angela Wei\u00dfKassier: Helmut F\u00f6rster<\/p>\n","protected":false},"author":1,"featured_media":0,"parent":0,"menu_order":0,"comment_status":"closed","ping_status":"closed","template":"","meta":{"footnotes":""},"class_list":["post-325","page","type-page","status-publish","hentry"],"jetpack_sharing_enabled":true,"jetpack_shortlink":"https:\/\/wp.me\/P8teGU-5f","_links":{"self":[{"href":"https:\/\/wilhelmsdorf-evangelisch.de\/index.php?rest_route=\/wp\/v2\/pages\/325","targetHints":{"allow":["GET"]}}],"collection":[{"href":"https:\/\/wilhelmsdorf-evangelisch.de\/index.php?rest_route=\/wp\/v2\/pages"}],"about":[{"href":"https:\/\/wilhelmsdorf-evangelisch.de\/index.php?rest_route=\/wp\/v2\/types\/page"}],"author":[{"embeddable":true,"href":"https:\/\/wilhelmsdorf-evangelisch.de\/index.php?rest_route=\/wp\/v2\/users\/1"}],"replies":[{"embeddable":true,"href":"https:\/\/wilhelmsdorf-evangelisch.de\/index.php?rest_route=%2Fwp%2Fv2%2Fcomments&post=325"}],"version-history":[{"count":13,"href":"https:\/\/wilhelmsdorf-evangelisch.de\/index.php?rest_route=\/wp\/v2\/pages\/325\/revisions"}],"predecessor-version":[{"id":6458,"href":"https:\/\/wilhelmsdorf-evangelisch.de\/index.php?rest_route=\/wp\/v2\/pages\/325\/revisions\/6458"}],"wp:attachment":[{"href":"https:\/\/wilhelmsdorf-evangelisch.de\/index.php?rest_route=%2Fwp%2Fv2%2Fmedia&parent=325"}],"curies":[{"name":"wp","href":"https:\/\/api.w.org\/{rel}","templated":true}]}}