{"id":30,"date":"2016-05-16T21:13:39","date_gmt":"2016-05-16T21:13:39","guid":{"rendered":"http:\/\/relaunch.wilhelmsdorf-evangelisch.de\/?page_id=30"},"modified":"2019-02-13T17:46:30","modified_gmt":"2019-02-13T16:46:30","slug":"die-geschichte-der-wilhelmsdorfer","status":"publish","type":"page","link":"https:\/\/wilhelmsdorf-evangelisch.de\/?page_id=30","title":{"rendered":"Die Geschichte der Wilhelmsdorfer"},"content":{"rendered":"\n<p class=\"has-background has-very-light-gray-background-color\"><strong>Die Bonnet\u00b4sche Truppe<\/strong><\/p>\n\n\n\n<p>Am Anfang war das menschenleere untere Albachtal. Es war im 30-j\u00e4hrigen Krieg verw\u00fcstet worden und lag seitdem brach.<br>Bis 15 Familien, die nach ihrem Pfarrer und Anf\u00fchrer Jean Bonnet benannte Bonnet\u2019sche Truppe, als hugenottische Glaubensfl\u00fcchtlinge nach Franken kamen.Sie waren aus dem Oisans, einer Hochgebirgslandschaft zwischen Grenoble und Turin, vor den Drangsalen des franz\u00f6sischen Sonnenk\u00f6nigs geflohen. Markgraf Christian Ernst von Brandenburg-Bayreuth r\u00e4umte ihnen gro\u00dfz\u00fcgig religi\u00f6se und finanzielle Freiheiten ein uns erwatete auch von ihnen eine Belebung der Wirtschaft in seinem darbenden Land.<br>So gr\u00fcndeten diese Familien Ende 1686 das Dorf im unteren Albachtal.<\/p>\n\n\n\n<p class=\"has-background has-very-light-gray-background-color\"><strong>Der Bau der Kirche<\/strong><\/p>\n\n\n\n<p>Schon am 7. Oktober 1688 weihten die Hugenotten ihr erstes, an gleicher Stelle errichtetes Kirchlein ein. So wie ihre eben erst fertig gestellten H\u00e4uschen waren die Mauern aus Holz und Lehm. Im Gegensatz zu ihren H\u00e4usern erhielten die Fenster aber Glasf\u00fcllungen statt Papier. Gut 50 Jahre sp\u00e4ter war es schon schadhaft geworden. Isaak Daniel Buirette von Oehlefeldt, dessen Gro\u00dfvater am 7. Mai 1694 das Dorf samt Flur f\u00fcr 4000 Gulden gekauft hatte (der Markgraf verwendete das Geld zur Befestigung Erlangens mit einem Palisadenwall), lie\u00df es niederrei\u00dfen und errichtete dieses Geb\u00e4ude. Die Einweihung mit zahlreichen Honoratioren wurde am 18. August 1754 mit reformierten Gottesdiensten am Vormittag in franz\u00f6sischer und am Nachmittag in deutscher Sprache gefeiert. Der reformierte Ortspfarrer Marc Antoine Pouget traute anschlie\u00dfend noch ein lutherisches Brautpaar. Heiratswillige Hugenotten hatten sich nicht gefunden.<\/p>\n\n\n\n<p class=\"has-background has-very-light-gray-background-color\"><strong>Kontakte und Konflikte mit den Lutheranern in Franken<\/strong><\/p>\n\n\n\n<p>Schon um das Jahr 1705 lockte der relative Wohlstand der flei\u00dfigen gewerbetreibenden Hugenotten lutherische Deutsche, meist nachgeborene Bauerns\u00f6hne und Dienstboten, in das Dorf. \u00dcber inner\u00f6rtliche Reibereien zwischen den in Konfession, Sprache und Mentalit\u00e4t so verschiedenen Bev\u00f6lkerungsteilen ist kaum etwas \u00fcberliefert. Mehr als hundert Jahre lang lebten sie offenbar mit zwei B\u00fcrgermeistern, zwei Dorfschulen und mit Gottesdiensten in franz\u00f6sischer und deutscher Sprache recht friedlich nebeneinander. Um so gr\u00f6\u00dfer waren die Differenzen mit der benachbarten Kirchengemeinde Emskirchen, der die Wilhelmsdorfer Lutheraner angeh\u00f6rten.<\/p>\n\n\n\n<p>Der Streit artete aus, als im Jahre 1812 nur noch 36 Franz\u00f6sisch-Reformierte sich als eigenst\u00e4ndige Kirchengemeinde nicht mehr halten konnten. Auch sie wurden nach Emskirchen eingegliedert. Ihr Protest und Widerstand f\u00fchrte am 18.12.1865 zu ihrer Eingliederung in die reformierte Kirchengemeinde Erlangen. Von dort reisten die Pfarrer an, um reformierten Gottesdienst zu halten, Pfarrer Friedrich Jung letztmals im M\u00e4rz 1926. Am 12. Februar 1943 verstarb mit Hans Martin der letzte Franz\u00f6sisch-Reformierte. Auch nach 1926, bis zu seinem Tode, spendeten ihm allein einmal im Jahr reformierte Pfarrer aus Erlangen das Abendmahl in der Hugenottenkirche.<\/p>\n\n\n\n<p class=\"has-background has-very-light-gray-background-color\"><strong>Die Lutheraner in Wilhelmsdorf<\/strong><\/p>\n\n\n\n<p>F\u00fcr die Lutheraner durfte erst ab 1873 der Vikar aus Emskirchen evangelisch-lutherische Gottesdienste in der Hugenottenkirche halten. Sie hatten den Gottesdienstbesuch in Emskirchen verweigert und gedroht, zur reformierten Konfession zu konvertieren. Eine weitere Verbesserung gab es dann f\u00fcr sie mit der Errichtung eines Exponierten Vikariats Wilhelmsdorf, doch erst im Jahre 1950 wurde Wilhelmsdorf die mehr als hundert Jahre lang erstrebte selbst\u00e4ndige Kirchengemeinde der evangelisch-lutherischen Kirche Bayerns. Heute z\u00e4hlt sie 870 Mitglieder und bildet gemeinsam mit der Nachbargemeinde Brunn eine Pfarrstelle.<\/p>\n","protected":false},"excerpt":{"rendered":"<p>Die Bonnet\u00b4sche Truppe Am Anfang war das menschenleere untere Albachtal. Es war im 30-j\u00e4hrigen Krieg verw\u00fcstet worden und lag seitdem brach.Bis 15 Familien, die nach ihrem Pfarrer und Anf\u00fchrer Jean &hellip; <\/p>\n","protected":false},"author":1,"featured_media":0,"parent":28,"menu_order":0,"comment_status":"closed","ping_status":"closed","template":"","meta":{"footnotes":""},"class_list":["post-30","page","type-page","status-publish","hentry"],"jetpack_sharing_enabled":true,"jetpack_shortlink":"https:\/\/wp.me\/P8teGU-u","_links":{"self":[{"href":"https:\/\/wilhelmsdorf-evangelisch.de\/index.php?rest_route=\/wp\/v2\/pages\/30","targetHints":{"allow":["GET"]}}],"collection":[{"href":"https:\/\/wilhelmsdorf-evangelisch.de\/index.php?rest_route=\/wp\/v2\/pages"}],"about":[{"href":"https:\/\/wilhelmsdorf-evangelisch.de\/index.php?rest_route=\/wp\/v2\/types\/page"}],"author":[{"embeddable":true,"href":"https:\/\/wilhelmsdorf-evangelisch.de\/index.php?rest_route=\/wp\/v2\/users\/1"}],"replies":[{"embeddable":true,"href":"https:\/\/wilhelmsdorf-evangelisch.de\/index.php?rest_route=%2Fwp%2Fv2%2Fcomments&post=30"}],"version-history":[{"count":3,"href":"https:\/\/wilhelmsdorf-evangelisch.de\/index.php?rest_route=\/wp\/v2\/pages\/30\/revisions"}],"predecessor-version":[{"id":1772,"href":"https:\/\/wilhelmsdorf-evangelisch.de\/index.php?rest_route=\/wp\/v2\/pages\/30\/revisions\/1772"}],"up":[{"embeddable":true,"href":"https:\/\/wilhelmsdorf-evangelisch.de\/index.php?rest_route=\/wp\/v2\/pages\/28"}],"wp:attachment":[{"href":"https:\/\/wilhelmsdorf-evangelisch.de\/index.php?rest_route=%2Fwp%2Fv2%2Fmedia&parent=30"}],"curies":[{"name":"wp","href":"https:\/\/api.w.org\/{rel}","templated":true}]}}