{"id":28,"date":"2016-05-16T21:12:46","date_gmt":"2016-05-16T21:12:46","guid":{"rendered":"http:\/\/relaunch.wilhelmsdorf-evangelisch.de\/?page_id=28"},"modified":"2019-02-13T18:07:35","modified_gmt":"2019-02-13T17:07:35","slug":"hugenottenkirche-wilhelmsdorf","status":"publish","type":"page","link":"https:\/\/wilhelmsdorf-evangelisch.de\/?page_id=28","title":{"rendered":"Hugenottenkirche Wilhelmsdorf"},"content":{"rendered":"<p>Die Wilhelmsdorfer Hugenottenkirche wurde am 18. August 1754 eingeweiht. Bis heute spiegelt sich in in Architektur und Gestaltung die reformierte Tradition der Gemeindegr\u00fcnder.<\/p>\n<p>Als Zeugen der bewegten Geschichte sind in der Hugenottenkirche heute noch zu sehen:<br \/>\n\u2022 Die schlichte, fast puritanische Gestaltung des Innenraumes mit einem Holztisch als Altar und dominierender Kanzel.<br \/>\n\u2022 Das Chorgest\u00fchl mit dem Wappen des Patronatsgeschlechtes der Buirette.<br \/>\n\u2022 Das Bildnis des Kirchenerbauers Isaak Daniel Buirette zu Oehlefeldt.<br \/>\n\u2022 Die bei einer Renovierung im Jahre 1930 freigelegte Gruft des Erbauers, die heute als Leichenhalle ihre Verwendung findet.<\/p>\n<p>\u2022 Das Hugenottenkreuz zeigt das Malteserkreuz mit einer Tr\u00e4ne als Zeichen f\u00fcr die Leiden der Hugenotten, mit einer Taube als Symbol des Heiligen Geistes und mit den gekappten franz\u00f6sischen K\u00f6nigslilien.<\/p>\n<p>Unser Hugenottenkirche ist t\u00e4glich von 10 bis 16 Uhr ge\u00f6ffnet.<\/p>\n<p>Bei Interesse bieten wir ihnen eine F\u00fchrung an &#8211; gerne in Verbindung mit der Besichtigung des Wilhelmsdorfer Zirkelmuseums.<\/p>\n","protected":false},"excerpt":{"rendered":"<p>Die Wilhelmsdorfer Hugenottenkirche wurde am 18. August 1754 eingeweiht. Bis heute spiegelt sich in in Architektur und Gestaltung die reformierte Tradition der Gemeindegr\u00fcnder. Als Zeugen der bewegten Geschichte sind in &hellip; <\/p>\n","protected":false},"author":1,"featured_media":0,"parent":0,"menu_order":0,"comment_status":"closed","ping_status":"closed","template":"","meta":{"footnotes":""},"class_list":["post-28","page","type-page","status-publish","hentry"],"jetpack_sharing_enabled":true,"jetpack_shortlink":"https:\/\/wp.me\/P8teGU-s","_links":{"self":[{"href":"https:\/\/wilhelmsdorf-evangelisch.de\/index.php?rest_route=\/wp\/v2\/pages\/28","targetHints":{"allow":["GET"]}}],"collection":[{"href":"https:\/\/wilhelmsdorf-evangelisch.de\/index.php?rest_route=\/wp\/v2\/pages"}],"about":[{"href":"https:\/\/wilhelmsdorf-evangelisch.de\/index.php?rest_route=\/wp\/v2\/types\/page"}],"author":[{"embeddable":true,"href":"https:\/\/wilhelmsdorf-evangelisch.de\/index.php?rest_route=\/wp\/v2\/users\/1"}],"replies":[{"embeddable":true,"href":"https:\/\/wilhelmsdorf-evangelisch.de\/index.php?rest_route=%2Fwp%2Fv2%2Fcomments&post=28"}],"version-history":[{"count":2,"href":"https:\/\/wilhelmsdorf-evangelisch.de\/index.php?rest_route=\/wp\/v2\/pages\/28\/revisions"}],"predecessor-version":[{"id":1791,"href":"https:\/\/wilhelmsdorf-evangelisch.de\/index.php?rest_route=\/wp\/v2\/pages\/28\/revisions\/1791"}],"wp:attachment":[{"href":"https:\/\/wilhelmsdorf-evangelisch.de\/index.php?rest_route=%2Fwp%2Fv2%2Fmedia&parent=28"}],"curies":[{"name":"wp","href":"https:\/\/api.w.org\/{rel}","templated":true}]}}